{"id":4394,"date":"2024-06-07T02:05:41","date_gmt":"2024-06-07T02:05:41","guid":{"rendered":"https:\/\/brutalesco.com\/?page_id=4394"},"modified":"2024-10-01T08:54:50","modified_gmt":"2024-10-01T08:54:50","slug":"privacy-policy","status":"publish","type":"page","link":"https:\/\/brutalesco.com\/es\/privacy-policy\/","title":{"rendered":"Pol\u00edticas de Privacidad"},"content":{"rendered":"<div data-elementor-type=\"wp-page\" data-elementor-id=\"4394\" class=\"elementor elementor-4394\" data-elementor-post-type=\"page\">\n\t\t\t\t<div class=\"elementor-element elementor-element-d81230f e-flex e-con-boxed e-con e-parent\" data-id=\"d81230f\" data-element_type=\"container\" data-e-type=\"container\">\n\t\t\t\t\t<div class=\"e-con-inner\">\n\t\t\t\t<div class=\"elementor-element elementor-element-b314fdc elementor-widget elementor-widget-heading\" data-id=\"b314fdc\" data-element_type=\"widget\" data-e-type=\"widget\" data-widget_type=\"heading.default\">\n\t\t\t\t<div class=\"elementor-widget-container\">\n\t\t\t\t\t<h2 class=\"elementor-heading-title elementor-size-default\">POL\u00cdTICA DE PRIVACIDAD<\/h2>\t\t\t\t<\/div>\n\t\t\t\t<\/div>\n\t\t\t\t<div class=\"elementor-element elementor-element-c0ede81 elementor-widget elementor-widget-text-editor\" data-id=\"c0ede81\" data-element_type=\"widget\" data-e-type=\"widget\" data-widget_type=\"text-editor.default\">\n\t\t\t\t<div class=\"elementor-widget-container\">\n\t\t\t\t\t\t\t\t\t<p><strong><span style=\"font-size: 14pt;\">Fecha de vigencia:<\/span><\/strong> 01\/10\/2024<\/p>\t\t\t\t\t\t\t\t<\/div>\n\t\t\t\t<\/div>\n\t\t\t\t<div class=\"elementor-element elementor-element-75edfc1 elementor-widget elementor-widget-text-editor\" data-id=\"75edfc1\" data-element_type=\"widget\" data-e-type=\"widget\" data-widget_type=\"text-editor.default\">\n\t\t\t\t<div class=\"elementor-widget-container\">\n\t\t\t\t\t\t\t\t\t<p>En <strong>Brutalesco<\/strong>Nos comprometemos a proteger sus datos personales y respetar su privacidad. Esta Pol\u00edtica de privacidad describe c\u00f3mo recopilamos, usamos, divulgamos y protegemos su informaci\u00f3n personal cuando visita nuestro sitio web https:\/\/brutalesco.com o realiza compras a trav\u00e9s de nuestros servicios.<\/p><p>Al utilizar nuestro sitio web, usted acepta las pr\u00e1cticas descritas en esta Pol\u00edtica de privacidad. Si no est\u00e1 de acuerdo con estos t\u00e9rminos, abst\u00e9ngase de utilizar nuestro sitio web.<\/p>\t\t\t\t\t\t\t\t<\/div>\n\t\t\t\t<\/div>\n\t\t\t\t<div class=\"elementor-element elementor-element-070bd57 elementor-widget elementor-widget-text-editor\" data-id=\"070bd57\" data-element_type=\"widget\" data-e-type=\"widget\" data-widget_type=\"text-editor.default\">\n\t\t\t\t<div class=\"elementor-widget-container\">\n\t\t\t\t\t\t\t\t\t<p><strong><span style=\"font-size: 14pt;\">1 \u2013 RECOPILACI\u00d3N DE DATOS<\/span><\/strong><\/p><p>Recopilamos los siguientes tipos de datos personales de los usuarios:<\/p><p><strong>1.1 Informaci\u00f3n que usted nos proporciona:<\/strong><\/p><p>\u2013 Informaci\u00f3n de la cuenta: cuando crea una cuenta, recopilamos su nombre, direcci\u00f3n de correo electr\u00f3nico, direcci\u00f3n postal y n\u00famero de tel\u00e9fono.<br \/>\u2013 Informaci\u00f3n de pago: Al realizar una compra, recopilamos sus datos de pago (informaci\u00f3n de la tarjeta de cr\u00e9dito, direcci\u00f3n de facturaci\u00f3n, etc.) a trav\u00e9s de canales seguros.<br \/>\u2013 Comunicaci\u00f3n: Recopilamos el contenido de cualquier comunicaci\u00f3n que tenga con nosotros, incluidas las consultas de servicio al cliente o los mensajes enviados a trav\u00e9s del sitio web.<\/p><p><strong>1.2 Informaci\u00f3n recopilada autom\u00e1ticamente:<\/strong><\/p><p>\u2013 Cookies y tecnolog\u00edas de seguimiento: utilizamos cookies y tecnolog\u00edas similares para recopilar datos sobre su actividad de navegaci\u00f3n en nuestro sitio web (como p\u00e1ginas visitadas, tiempo empleado y preferencias).<br \/>\u2013 Archivos de registro: cuando visita nuestro sitio web, recopilamos informaci\u00f3n de registro web est\u00e1ndar, como su direcci\u00f3n IP, tipo de navegador, p\u00e1ginas de referencia\/salida y marcas de tiempo.<\/p>\t\t\t\t\t\t\t\t<\/div>\n\t\t\t\t<\/div>\n\t\t\t\t<div class=\"elementor-element elementor-element-34add3e elementor-widget elementor-widget-text-editor\" data-id=\"34add3e\" data-element_type=\"widget\" data-e-type=\"widget\" data-widget_type=\"text-editor.default\">\n\t\t\t\t<div class=\"elementor-widget-container\">\n\t\t\t\t\t\t\t\t\t<p><span style=\"font-size: 14pt;\"><strong>2 \u2013 USO<\/strong><b> DE DATOS PERSONALES<\/b><\/span><\/p><p class=\"p1\">Tratamos sus datos personales para los siguientes fines:<\/p><p><strong>2.1 Gesti\u00f3n de cuentas:<\/strong><\/p><p>\u2013 Para crear y administrar su cuenta de usuario.<br \/>\u2013 Para autenticar a los usuarios y proteger sus cuentas.<\/p><p><strong>2.2 Cumplimiento de pedidos y pagos:<\/strong><\/p><p>\u2013 Para procesar pedidos, incluido el pago, el env\u00edo y la entrega de obras de arte.<br \/>\u2013 Proporcionar facturas y gestionar la informaci\u00f3n de pago de forma segura.<\/p><p><strong>2.3 Atenci\u00f3n al cliente<\/strong><\/p><p>\u2013 Para responder a sus consultas y brindarle servicio al cliente.<\/p><p><strong>2.4 Personalizaci\u00f3n:<\/strong><\/p><p>\u2013 Para mejorar nuestro sitio web y adaptar nuestros servicios a sus preferencias.<br \/>\u2013 Recomendar productos en funci\u00f3n de su historial de navegaci\u00f3n.<\/p><p><strong>2.5 Marketing y Comunicaciones:<\/strong><\/p><p>\u2013 Con su consentimiento, para enviar correos electr\u00f3nicos promocionales sobre nuevas obras de arte, exposiciones u otro contenido relevante.<br \/>- Puede optar por no recibir comunicaciones de marketing en cualquier momento comunic\u00e1ndose con nosotros.<\/p>\t\t\t\t\t\t\t\t<\/div>\n\t\t\t\t<\/div>\n\t\t\t\t<div class=\"elementor-element elementor-element-6e68c5c elementor-widget elementor-widget-text-editor\" data-id=\"6e68c5c\" data-element_type=\"widget\" data-e-type=\"widget\" data-widget_type=\"text-editor.default\">\n\t\t\t\t<div class=\"elementor-widget-container\">\n\t\t\t\t\t\t\t\t\t<p><span style=\"font-size: 14pt;\"><strong>3 &#8211;<\/strong><b> COMPARTICI\u00d3N DE DATOS<\/b><\/span><\/p><p class=\"p1\">No vendemos ni compartimos sus datos personales con terceros, excepto en los siguientes casos:<\/p><p><strong> \u2022 Proveedores de servicios:<\/strong> Podemos compartir sus datos con proveedores externos (como procesadores de pagos, proveedores de env\u00edos o proveedores de servicios de TI) para que presten servicios en nuestro nombre. Estos terceros est\u00e1n sujetos a acuerdos de confidencialidad y solo pueden utilizar sus datos para las tareas espec\u00edficas que les asignamos.<\/p><p><strong>\u2022 Obligaciones legales:<\/strong> Podemos divulgar sus datos si lo exige la ley o en respuesta a solicitudes v\u00e1lidas de autoridades p\u00fablicas (por ejemplo, organismos policiales o reguladores).<\/p>\t\t\t\t\t\t\t\t<\/div>\n\t\t\t\t<\/div>\n\t\t\t\t<div class=\"elementor-element elementor-element-ec4f01e elementor-widget elementor-widget-text-editor\" data-id=\"ec4f01e\" data-element_type=\"widget\" data-e-type=\"widget\" data-widget_type=\"text-editor.default\">\n\t\t\t\t<div class=\"elementor-widget-container\">\n\t\t\t\t\t\t\t\t\t<p><span style=\"font-size: 14pt;\"><strong>4 \u2013 BASE LEGAL DEL TRATAMIENTO<\/strong><\/span><\/p><p>Bajo el <strong>Reglamento General de Protecci\u00f3n de Datos (RGPD)<\/strong>, nos basamos en las siguientes bases legales para procesar sus datos personales:<\/p><p><strong>\u2022 Consentimiento<\/strong>:Cuando nos proporcionas tus datos personales para fines espec\u00edficos, como marketing o creaci\u00f3n de una cuenta.<br \/><strong>\u2022 Necesidad contractual:<\/strong> Para cumplir con nuestras obligaciones contractuales, c\u00f3mo procesar y entregar sus compras.<br \/><strong>\u2022 Intereses leg\u00edtimos:<\/strong> Para mejorar nuestro sitio web, proteger nuestro negocio y brindar una mejor experiencia de usuario.<br \/><strong>\u2022 Obligaci\u00f3n legal:<\/strong> Para cumplir con los requisitos legales y reglamentarios, como las leyes fiscales y las regulaciones contra el lavado de dinero.<\/p><p class=\"p1\">\u00a0<\/p>\t\t\t\t\t\t\t\t<\/div>\n\t\t\t\t<\/div>\n\t\t\t\t<div class=\"elementor-element elementor-element-c581bfa elementor-widget elementor-widget-text-editor\" data-id=\"c581bfa\" data-element_type=\"widget\" data-e-type=\"widget\" data-widget_type=\"text-editor.default\">\n\t\t\t\t<div class=\"elementor-widget-container\">\n\t\t\t\t\t\t\t\t\t<p><strong><span style=\"font-size: 14pt;\">5 \u2013 SEGURIDAD DE LOS DATOS<\/span><\/strong><\/p><p>Nos tomamos muy en serio la seguridad de sus datos personales. Hemos implementado medidas t\u00e9cnicas y organizativas adecuadas para proteger sus datos personales contra el acceso no autorizado, la p\u00e9rdida o la alteraci\u00f3n. Estas incluyen:<\/p><p><strong>\u2022 Cifrado:<\/strong> Todos los datos intercambiados entre nuestro sitio web y su navegador est\u00e1n encriptados mediante <strong>Capa de sockets seguros (SSL)<\/strong> tecnolog\u00eda.<br \/><strong>\u2022 Controles de acceso:<\/strong> S\u00f3lo el personal autorizado tiene acceso a los datos personales y est\u00e1 sujeto a acuerdos de confidencialidad.<br \/><strong>\u2022 Protecci\u00f3n con contrase\u00f1a:<\/strong> Su cuenta est\u00e1 protegida con contrase\u00f1a y es su responsabilidad mantenerla confidencial.<\/p><p class=\"p1\">\u00a0<\/p>\t\t\t\t\t\t\t\t<\/div>\n\t\t\t\t<\/div>\n\t\t\t\t<div class=\"elementor-element elementor-element-4b58b4d elementor-widget elementor-widget-text-editor\" data-id=\"4b58b4d\" data-element_type=\"widget\" data-e-type=\"widget\" data-widget_type=\"text-editor.default\">\n\t\t\t\t<div class=\"elementor-widget-container\">\n\t\t\t\t\t\t\t\t\t<p><strong><span style=\"font-size: 14pt;\">6 \u2013 COOKIES Y TECNOLOG\u00cdAS DE SEGUIMIENTO<\/span><\/strong><\/p><p><br \/>Utilizamos cookies y tecnolog\u00edas de seguimiento similares para recopilar y almacenar informaci\u00f3n cuando interact\u00faa con nuestro sitio web. Las cookies nos permiten:<\/p><p><br \/>\u2022 Recordar sus preferencias y configuraciones.<br \/>\u2022 Analizar c\u00f3mo utiliza nuestro sitio web para mejorar la funcionalidad y el contenido.<br \/>\u2022 Brindarle una experiencia personalizada.<\/p><p class=\"p1\">\u00a0<\/p>\t\t\t\t\t\t\t\t<\/div>\n\t\t\t\t<\/div>\n\t\t\t\t<div class=\"elementor-element elementor-element-06ce14a elementor-widget elementor-widget-text-editor\" data-id=\"06ce14a\" data-element_type=\"widget\" data-e-type=\"widget\" data-widget_type=\"text-editor.default\">\n\t\t\t\t<div class=\"elementor-widget-container\">\n\t\t\t\t\t\t\t\t\t<p><strong><span style=\"font-size: 14pt;\">7 \u2013 TRANSFERENCIAS INTERNACIONALES DE DATOS<\/span><\/strong><\/p><p>Como empresa global, sus datos personales pueden transferirse a pa\u00edses fuera del Espacio Econ\u00f3mico Europeo (EEE) y procesarse en ellos. Es posible que estos pa\u00edses no proporcionen el mismo nivel de protecci\u00f3n de datos que el EEE. Sin embargo, nos aseguramos de que existan las salvaguardas adecuadas, como las cl\u00e1usulas contractuales est\u00e1ndar (SCC), para proteger sus datos personales cuando se transfieren internacionalmente.<\/p><p class=\"p1\">\u00a0<\/p>\t\t\t\t\t\t\t\t<\/div>\n\t\t\t\t<\/div>\n\t\t\t\t<div class=\"elementor-element elementor-element-beb1cca elementor-widget elementor-widget-text-editor\" data-id=\"beb1cca\" data-element_type=\"widget\" data-e-type=\"widget\" data-widget_type=\"text-editor.default\">\n\t\t\t\t<div class=\"elementor-widget-container\">\n\t\t\t\t\t\t\t\t\t<p><strong><span style=\"font-size: 14pt;\">8 \u2013 CAMBIOS EN LA POL\u00cdTICA DE PRIVACIDAD<\/span><\/strong><\/p><p>Nos reservamos el derecho de actualizar esta Pol\u00edtica de privacidad peri\u00f3dicamente para reflejar cambios en nuestras pr\u00e1cticas o requisitos legales. Le notificaremos sobre cualquier cambio significativo mediante la publicaci\u00f3n de un aviso en nuestro sitio web o comunic\u00e1ndonos con usted directamente. La fecha de la \u00faltima actualizaci\u00f3n se indicar\u00e1 en la parte superior de esta pol\u00edtica.<\/p><p class=\"p1\">\u00a0<\/p>\t\t\t\t\t\t\t\t<\/div>\n\t\t\t\t<\/div>\n\t\t\t\t<div class=\"elementor-element elementor-element-5499bd4 elementor-widget elementor-widget-text-editor\" data-id=\"5499bd4\" data-element_type=\"widget\" data-e-type=\"widget\" data-widget_type=\"text-editor.default\">\n\t\t\t\t<div class=\"elementor-widget-container\">\n\t\t\t\t\t\t\t\t\t<p><span style=\"font-size: 18.6667px;\"><b>CONT\u00c1CTENOS<\/b><\/span><\/p><p>Para cualquier pregunta o inquietud sobre esta Pol\u00edtica de Privacidad o para ejercer sus derechos sobre sus datos, cont\u00e1ctenos a:<\/p><p><br \/>\u2022 Email: info@brutalesco.com<\/p><p><br \/>Tambi\u00e9n tiene derecho a presentar una reclamaci\u00f3n ante la <strong>Autoridad Holandesa de Protecci\u00f3n de Datos (Autoriteit Persoonsgegevens)<\/strong> si considera que se han violado sus derechos sobre sus datos.<\/p>\t\t\t\t\t\t\t\t<\/div>\n\t\t\t\t<\/div>\n\t\t\t\t\t<\/div>\n\t\t\t\t<\/div>\n\t\t\t\t<\/div>","protected":false},"excerpt":{"rendered":"<p>PRIVACY POLICY Effective Date: 01\/10\/2024 At Brutalesco, we are committed to protecting your personal data and respecting your privacy. This Privacy Policy outlines how we collect, use, disclose, and protect your personal information when you visit our website https:\/\/brutalesco.com or make purchases through our services. By using our website, you agree to the practices described [&hellip;]<\/p>\n","protected":false},"author":1,"featured_media":0,"parent":0,"menu_order":0,"comment_status":"closed","ping_status":"closed","template":"","meta":{"site-sidebar-layout":"no-sidebar","site-content-layout":"page-builder","ast-site-content-layout":"full-width-container","site-content-style":"default","site-sidebar-style":"default","ast-global-header-display":"","ast-banner-title-visibility":"","ast-main-header-display":"","ast-hfb-above-header-display":"","ast-hfb-below-header-display":"","ast-hfb-mobile-header-display":"","site-post-title":"disabled","ast-breadcrumbs-content":"","ast-featured-img":"disabled","footer-sml-layout":"","ast-disable-related-posts":"","theme-transparent-header-meta":"","adv-header-id-meta":"","stick-header-meta":"","header-above-stick-meta":"","header-main-stick-meta":"","header-below-stick-meta":"","astra-migrate-meta-layouts":"set","ast-page-background-enabled":"default","ast-page-background-meta":{"desktop":{"background-color":"var(--ast-global-color-4)","background-image":"","background-repeat":"repeat","background-position":"center center","background-size":"auto","background-attachment":"scroll","background-type":"","background-media":"","overlay-type":"","overlay-color":"","overlay-opacity":"","overlay-gradient":""},"tablet":{"background-color":"","background-image":"","background-repeat":"repeat","background-position":"center center","background-size":"auto","background-attachment":"scroll","background-type":"","background-media":"","overlay-type":"","overlay-color":"","overlay-opacity":"","overlay-gradient":""},"mobile":{"background-color":"","background-image":"","background-repeat":"repeat","background-position":"center center","background-size":"auto","background-attachment":"scroll","background-type":"","background-media":"","overlay-type":"","overlay-color":"","overlay-opacity":"","overlay-gradient":""}},"ast-content-background-meta":{"desktop":{"background-color":"var(--ast-global-color-5)","background-image":"","background-repeat":"repeat","background-position":"center center","background-size":"auto","background-attachment":"scroll","background-type":"","background-media":"","overlay-type":"","overlay-color":"","overlay-opacity":"","overlay-gradient":""},"tablet":{"background-color":"var(--ast-global-color-5)","background-image":"","background-repeat":"repeat","background-position":"center center","background-size":"auto","background-attachment":"scroll","background-type":"","background-media":"","overlay-type":"","overlay-color":"","overlay-opacity":"","overlay-gradient":""},"mobile":{"background-color":"var(--ast-global-color-5)","background-image":"","background-repeat":"repeat","background-position":"center center","background-size":"auto","background-attachment":"scroll","background-type":"","background-media":"","overlay-type":"","overlay-color":"","overlay-opacity":"","overlay-gradient":""}},"footnotes":""},"class_list":["post-4394","page","type-page","status-publish","hentry"],"_links":{"self":[{"href":"https:\/\/brutalesco.com\/es\/wp-json\/wp\/v2\/pages\/4394","targetHints":{"allow":["GET"]}}],"collection":[{"href":"https:\/\/brutalesco.com\/es\/wp-json\/wp\/v2\/pages"}],"about":[{"href":"https:\/\/brutalesco.com\/es\/wp-json\/wp\/v2\/types\/page"}],"author":[{"embeddable":true,"href":"https:\/\/brutalesco.com\/es\/wp-json\/wp\/v2\/users\/1"}],"replies":[{"embeddable":true,"href":"https:\/\/brutalesco.com\/es\/wp-json\/wp\/v2\/comments?post=4394"}],"version-history":[{"count":0,"href":"https:\/\/brutalesco.com\/es\/wp-json\/wp\/v2\/pages\/4394\/revisions"}],"wp:attachment":[{"href":"https:\/\/brutalesco.com\/es\/wp-json\/wp\/v2\/media?parent=4394"}],"curies":[{"name":"wp","href":"https:\/\/api.w.org\/{rel}","templated":true}]}}