{"id":38,"date":"2024-02-14T08:23:18","date_gmt":"2024-02-14T08:23:18","guid":{"rendered":"https:\/\/brutalesco.com\/?page_id=38"},"modified":"2025-03-28T01:06:16","modified_gmt":"2025-03-28T01:06:16","slug":"the-collection","status":"publish","type":"page","link":"https:\/\/brutalesco.com\/es\/the-collection\/","title":{"rendered":"The Collection"},"content":{"rendered":"<div data-elementor-type=\"wp-page\" data-elementor-id=\"38\" class=\"elementor elementor-38\" data-elementor-post-type=\"page\">\n\t\t\t\t<div class=\"elementor-element elementor-element-9eb40dd gallery-background e-flex e-con-boxed e-con e-parent\" data-id=\"9eb40dd\" data-element_type=\"container\" data-e-type=\"container\" data-settings=\"{&quot;background_background&quot;:&quot;classic&quot;}\">\n\t\t\t\t\t<div class=\"e-con-inner\">\n\t\t\t\t<div class=\"elementor-element elementor-element-9c65064 elementor-widget elementor-widget-heading\" data-id=\"9c65064\" data-element_type=\"widget\" data-e-type=\"widget\" id=\"gallery-title\" data-widget_type=\"heading.default\">\n\t\t\t\t<div class=\"elementor-widget-container\">\n\t\t\t\t\t<h2 class=\"elementor-heading-title elementor-size-default\">LA COLECCI\u00d3N<\/h2>\t\t\t\t<\/div>\n\t\t\t\t<\/div>\n\t\t\t\t\t<\/div>\n\t\t\t\t<\/div>\n\t\t<div class=\"elementor-element elementor-element-31f61e4 gallery-background e-flex e-con-boxed e-con e-parent\" data-id=\"31f61e4\" data-element_type=\"container\" data-e-type=\"container\" data-settings=\"{&quot;background_background&quot;:&quot;classic&quot;}\">\n\t\t\t\t\t<div class=\"e-con-inner\">\n\t\t\t\t<div class=\"elementor-element elementor-element-6ca768a elementor-widget elementor-widget-heading\" data-id=\"6ca768a\" data-element_type=\"widget\" data-e-type=\"widget\" data-widget_type=\"heading.default\">\n\t\t\t\t<div class=\"elementor-widget-container\">\n\t\t\t\t\t<h2 class=\"elementor-heading-title elementor-size-default\">La Colecci\u00f3n presenta una selecci\u00f3n curada de las obras del artista, funcionando como un portafolio que muestra su trayectoria creativa y evoluci\u00f3n art\u00edstica. Estas piezas privadas pertenecen a individuos, entidades o han sido donadas, y <strong>no est\u00e1n disponibles para la venta.<\/strong> En su lugar, ofrecen una visi\u00f3n de la amplitud y diversidad del trabajo del artista.<\/h2>\t\t\t\t<\/div>\n\t\t\t\t<\/div>\n\t\t\t\t\t<\/div>\n\t\t\t\t<\/div>\n\t\t<div class=\"elementor-element elementor-element-f3ea31b gallery-background e-grid e-con-boxed e-con e-parent\" data-id=\"f3ea31b\" data-element_type=\"container\" data-e-type=\"container\" id=\"columns\" data-settings=\"{&quot;background_background&quot;:&quot;classic&quot;}\">\n\t\t\t\t\t<div class=\"e-con-inner\">\n\t\t<div class=\"elementor-element elementor-element-0847389 e-con-full animated-slow collection-effect  e-flex elementor-invisible e-con e-child\" data-id=\"0847389\" data-element_type=\"container\" data-e-type=\"container\" data-settings=\"{&quot;animation&quot;:&quot;fadeIn&quot;,&quot;background_background&quot;:&quot;classic&quot;}\">\n\t\t\t\t<div class=\"elementor-element elementor-element-62ae76f elementor-widget elementor-widget-image\" data-id=\"62ae76f\" data-element_type=\"widget\" data-e-type=\"widget\" data-widget_type=\"image.default\">\n\t\t\t\t<div class=\"elementor-widget-container\">\n\t\t\t\t\t\t\t\t\t\t\t\t\t\t\t\t<a href=\"https:\/\/brutalesco.com\/wp-content\/uploads\/2024\/10\/Campesino.jpg\" data-elementor-open-lightbox=\"yes\" data-elementor-lightbox-title=\"Campesino con Guitarra, mixed media on cardboard, 60cm x 80cm\" data-e-action-hash=\"#elementor-action%3Aaction%3Dlightbox%26settings%3DeyJpZCI6NTgxMiwidXJsIjoiaHR0cHM6XC9cL2JydXRhbGVzY28uY29tXC93cC1jb250ZW50XC91cGxvYWRzXC8yMDI0XC8xMFwvQ2FtcGVzaW5vLmpwZyJ9\">\n\t\t\t\t\t\t\t<img fetchpriority=\"high\" decoding=\"async\" width=\"761\" height=\"1024\" src=\"https:\/\/brutalesco.com\/wp-content\/uploads\/2024\/10\/Campesino-761x1024.jpg\" class=\"attachment-large size-large wp-image-5812\" alt=\"\" srcset=\"https:\/\/brutalesco.com\/wp-content\/uploads\/2024\/10\/Campesino-761x1024.jpg 761w, https:\/\/brutalesco.com\/wp-content\/uploads\/2024\/10\/Campesino-223x300.jpg 223w, https:\/\/brutalesco.com\/wp-content\/uploads\/2024\/10\/Campesino-768x1033.jpg 768w, https:\/\/brutalesco.com\/wp-content\/uploads\/2024\/10\/Campesino-1142x1536.jpg 1142w, https:\/\/brutalesco.com\/wp-content\/uploads\/2024\/10\/Campesino-9x12.jpg 9w, https:\/\/brutalesco.com\/wp-content\/uploads\/2024\/10\/Campesino-200x269.jpg 200w, https:\/\/brutalesco.com\/wp-content\/uploads\/2024\/10\/Campesino-600x807.jpg 600w, https:\/\/brutalesco.com\/wp-content\/uploads\/2024\/10\/Campesino.jpg 1522w\" sizes=\"(max-width: 761px) 100vw, 761px\" \/>\t\t\t\t\t\t\t\t<\/a>\n\t\t\t\t\t\t\t\t\t\t\t\t\t\t\t<\/div>\n\t\t\t\t<\/div>\n\t\t\t\t<div class=\"elementor-element elementor-element-468ae6e font-gallery elementor-widget elementor-widget-heading\" data-id=\"468ae6e\" data-element_type=\"widget\" data-e-type=\"widget\" data-widget_type=\"heading.default\">\n\t\t\t\t<div class=\"elementor-widget-container\">\n\t\t\t\t\t<h2 class=\"elementor-heading-title elementor-size-default\">Campesino con Guitarra<br> T\u00e9cnica mixta sobre cartulina <br>60cm x 80cm<\/h2>\t\t\t\t<\/div>\n\t\t\t\t<\/div>\n\t\t\t\t<\/div>\n\t\t<div class=\"elementor-element elementor-element-110c25d e-con-full animated-slow collection-effect  e-flex elementor-invisible e-con e-child\" data-id=\"110c25d\" data-element_type=\"container\" data-e-type=\"container\" data-settings=\"{&quot;animation&quot;:&quot;fadeIn&quot;,&quot;background_background&quot;:&quot;classic&quot;}\">\n\t\t\t\t<div class=\"elementor-element elementor-element-eee2c7f elementor-widget elementor-widget-image\" data-id=\"eee2c7f\" data-element_type=\"widget\" data-e-type=\"widget\" data-widget_type=\"image.default\">\n\t\t\t\t<div class=\"elementor-widget-container\">\n\t\t\t\t\t\t\t\t\t\t\t\t\t\t\t\t<a href=\"https:\/\/brutalesco.com\/wp-content\/uploads\/2024\/10\/Flamencos.jpg\" data-elementor-open-lightbox=\"yes\" data-elementor-lightbox-title=\"Flamencos\" data-e-action-hash=\"#elementor-action%3Aaction%3Dlightbox%26settings%3DeyJpZCI6NTgwOCwidXJsIjoiaHR0cHM6XC9cL2JydXRhbGVzY28uY29tXC93cC1jb250ZW50XC91cGxvYWRzXC8yMDI0XC8xMFwvRmxhbWVuY29zLmpwZyJ9\">\n\t\t\t\t\t\t\t<img decoding=\"async\" width=\"786\" height=\"1024\" src=\"https:\/\/brutalesco.com\/wp-content\/uploads\/2024\/10\/Flamencos-786x1024.jpg\" class=\"attachment-large size-large wp-image-5808\" alt=\"\" srcset=\"https:\/\/brutalesco.com\/wp-content\/uploads\/2024\/10\/Flamencos-786x1024.jpg 786w, https:\/\/brutalesco.com\/wp-content\/uploads\/2024\/10\/Flamencos-230x300.jpg 230w, https:\/\/brutalesco.com\/wp-content\/uploads\/2024\/10\/Flamencos-768x1001.jpg 768w, https:\/\/brutalesco.com\/wp-content\/uploads\/2024\/10\/Flamencos-1179x1536.jpg 1179w, https:\/\/brutalesco.com\/wp-content\/uploads\/2024\/10\/Flamencos-9x12.jpg 9w, https:\/\/brutalesco.com\/wp-content\/uploads\/2024\/10\/Flamencos-200x261.jpg 200w, https:\/\/brutalesco.com\/wp-content\/uploads\/2024\/10\/Flamencos-600x782.jpg 600w, https:\/\/brutalesco.com\/wp-content\/uploads\/2024\/10\/Flamencos.jpg 1572w\" sizes=\"(max-width: 786px) 100vw, 786px\" \/>\t\t\t\t\t\t\t\t<\/a>\n\t\t\t\t\t\t\t\t\t\t\t\t\t\t\t<\/div>\n\t\t\t\t<\/div>\n\t\t\t\t<div class=\"elementor-element elementor-element-dfcb130 elementor-widget elementor-widget-heading\" data-id=\"dfcb130\" data-element_type=\"widget\" data-e-type=\"widget\" data-widget_type=\"heading.default\">\n\t\t\t\t<div class=\"elementor-widget-container\">\n\t\t\t\t\t<h2 class=\"elementor-heading-title elementor-size-default\">Flamencos <br> Tinta y acr\u00edlico sobre papel <br>40cm x 60cm<\/h2>\t\t\t\t<\/div>\n\t\t\t\t<\/div>\n\t\t\t\t<\/div>\n\t\t<div class=\"elementor-element elementor-element-7ca73c7 e-con-full animated-slow collection-effect  e-flex elementor-invisible e-con e-child\" data-id=\"7ca73c7\" data-element_type=\"container\" data-e-type=\"container\" data-settings=\"{&quot;animation&quot;:&quot;fadeIn&quot;,&quot;background_background&quot;:&quot;classic&quot;}\">\n\t\t\t\t<div class=\"elementor-element elementor-element-5c5364d elementor-widget elementor-widget-image\" data-id=\"5c5364d\" data-element_type=\"widget\" data-e-type=\"widget\" data-widget_type=\"image.default\">\n\t\t\t\t<div class=\"elementor-widget-container\">\n\t\t\t\t\t\t\t\t\t\t\t\t\t\t\t\t<a href=\"https:\/\/brutalesco.com\/wp-content\/uploads\/2024\/10\/Bodegon-Abstracto-acrylic-on-cardboard-90cm-x-70cm.jpg\" data-elementor-open-lightbox=\"yes\" data-elementor-lightbox-title=\"Bodeg\u00f3n Abstracto - Acrylic on Cardboard - 90cm x 70cm\" data-e-action-hash=\"#elementor-action%3Aaction%3Dlightbox%26settings%3DeyJpZCI6NTgyMCwidXJsIjoiaHR0cHM6XC9cL2JydXRhbGVzY28uY29tXC93cC1jb250ZW50XC91cGxvYWRzXC8yMDI0XC8xMFwvQm9kZWdvbi1BYnN0cmFjdG8tYWNyeWxpYy1vbi1jYXJkYm9hcmQtOTBjbS14LTcwY20uanBnIn0%3D\">\n\t\t\t\t\t\t\t<img decoding=\"async\" width=\"1024\" height=\"747\" src=\"https:\/\/brutalesco.com\/wp-content\/uploads\/2024\/10\/Bodegon-Abstracto-acrylic-on-cardboard-90cm-x-70cm-1024x747.jpg\" class=\"attachment-large size-large wp-image-5820\" alt=\"\" srcset=\"https:\/\/brutalesco.com\/wp-content\/uploads\/2024\/10\/Bodegon-Abstracto-acrylic-on-cardboard-90cm-x-70cm-1024x747.jpg 1024w, https:\/\/brutalesco.com\/wp-content\/uploads\/2024\/10\/Bodegon-Abstracto-acrylic-on-cardboard-90cm-x-70cm-300x219.jpg 300w, https:\/\/brutalesco.com\/wp-content\/uploads\/2024\/10\/Bodegon-Abstracto-acrylic-on-cardboard-90cm-x-70cm-768x560.jpg 768w, https:\/\/brutalesco.com\/wp-content\/uploads\/2024\/10\/Bodegon-Abstracto-acrylic-on-cardboard-90cm-x-70cm-1536x1120.jpg 1536w, https:\/\/brutalesco.com\/wp-content\/uploads\/2024\/10\/Bodegon-Abstracto-acrylic-on-cardboard-90cm-x-70cm-16x12.jpg 16w, https:\/\/brutalesco.com\/wp-content\/uploads\/2024\/10\/Bodegon-Abstracto-acrylic-on-cardboard-90cm-x-70cm-200x146.jpg 200w, https:\/\/brutalesco.com\/wp-content\/uploads\/2024\/10\/Bodegon-Abstracto-acrylic-on-cardboard-90cm-x-70cm-600x437.jpg 600w, https:\/\/brutalesco.com\/wp-content\/uploads\/2024\/10\/Bodegon-Abstracto-acrylic-on-cardboard-90cm-x-70cm.jpg 1635w\" sizes=\"(max-width: 1024px) 100vw, 1024px\" \/>\t\t\t\t\t\t\t\t<\/a>\n\t\t\t\t\t\t\t\t\t\t\t\t\t\t\t<\/div>\n\t\t\t\t<\/div>\n\t\t\t\t<div class=\"elementor-element elementor-element-2fa1981 elementor-widget elementor-widget-heading\" data-id=\"2fa1981\" data-element_type=\"widget\" data-e-type=\"widget\" data-widget_type=\"heading.default\">\n\t\t\t\t<div class=\"elementor-widget-container\">\n\t\t\t\t\t<h2 class=\"elementor-heading-title elementor-size-default\">Bodeg\u00f3n Abstracto<br> Acr\u00edlico sobre cart\u00f3n<br> 90cm x 70cm<\/h2>\t\t\t\t<\/div>\n\t\t\t\t<\/div>\n\t\t\t\t<\/div>\n\t\t<div class=\"elementor-element elementor-element-491be53 e-con-full animated-slow collection-effect  e-flex elementor-invisible e-con e-child\" data-id=\"491be53\" data-element_type=\"container\" data-e-type=\"container\" data-settings=\"{&quot;animation&quot;:&quot;fadeIn&quot;,&quot;background_background&quot;:&quot;classic&quot;}\">\n\t\t\t\t<div class=\"elementor-element elementor-element-3d8ecf7 elementor-widget elementor-widget-image\" data-id=\"3d8ecf7\" data-element_type=\"widget\" data-e-type=\"widget\" data-widget_type=\"image.default\">\n\t\t\t\t<div class=\"elementor-widget-container\">\n\t\t\t\t\t\t\t\t\t\t\t\t\t\t\t\t<a href=\"https:\/\/brutalesco.com\/wp-content\/uploads\/2024\/10\/Vendedora-de-Frutas.jpg\" data-elementor-open-lightbox=\"yes\" data-elementor-lightbox-title=\"Vendedora de Frutas, oil on cardboard, 50cm x 70cm\" data-e-action-hash=\"#elementor-action%3Aaction%3Dlightbox%26settings%3DeyJpZCI6NTgxNiwidXJsIjoiaHR0cHM6XC9cL2JydXRhbGVzY28uY29tXC93cC1jb250ZW50XC91cGxvYWRzXC8yMDI0XC8xMFwvVmVuZGVkb3JhLWRlLUZydXRhcy5qcGcifQ%3D%3D\">\n\t\t\t\t\t\t\t<img loading=\"lazy\" decoding=\"async\" width=\"783\" height=\"1024\" src=\"https:\/\/brutalesco.com\/wp-content\/uploads\/2024\/10\/Vendedora-de-Frutas-783x1024.jpg\" class=\"attachment-large size-large wp-image-5816\" alt=\"\" srcset=\"https:\/\/brutalesco.com\/wp-content\/uploads\/2024\/10\/Vendedora-de-Frutas-783x1024.jpg 783w, https:\/\/brutalesco.com\/wp-content\/uploads\/2024\/10\/Vendedora-de-Frutas-229x300.jpg 229w, https:\/\/brutalesco.com\/wp-content\/uploads\/2024\/10\/Vendedora-de-Frutas-768x1004.jpg 768w, https:\/\/brutalesco.com\/wp-content\/uploads\/2024\/10\/Vendedora-de-Frutas-1175x1536.jpg 1175w, https:\/\/brutalesco.com\/wp-content\/uploads\/2024\/10\/Vendedora-de-Frutas-9x12.jpg 9w, https:\/\/brutalesco.com\/wp-content\/uploads\/2024\/10\/Vendedora-de-Frutas-200x261.jpg 200w, https:\/\/brutalesco.com\/wp-content\/uploads\/2024\/10\/Vendedora-de-Frutas-600x784.jpg 600w, https:\/\/brutalesco.com\/wp-content\/uploads\/2024\/10\/Vendedora-de-Frutas.jpg 1327w\" sizes=\"(max-width: 783px) 100vw, 783px\" \/>\t\t\t\t\t\t\t\t<\/a>\n\t\t\t\t\t\t\t\t\t\t\t\t\t\t\t<\/div>\n\t\t\t\t<\/div>\n\t\t\t\t<div class=\"elementor-element elementor-element-dde6d75 elementor-widget elementor-widget-heading\" data-id=\"dde6d75\" data-element_type=\"widget\" data-e-type=\"widget\" data-widget_type=\"heading.default\">\n\t\t\t\t<div class=\"elementor-widget-container\">\n\t\t\t\t\t<h2 class=\"elementor-heading-title elementor-size-default\">Vendedora de Frutas <br>Oleo sobre cartulina<br> 50cm x 70cm<\/h2>\t\t\t\t<\/div>\n\t\t\t\t<\/div>\n\t\t\t\t<\/div>\n\t\t<div class=\"elementor-element elementor-element-17b519e e-con-full animated-slow collection-effect  e-flex elementor-invisible e-con e-child\" data-id=\"17b519e\" data-element_type=\"container\" data-e-type=\"container\" data-settings=\"{&quot;background_background&quot;:&quot;classic&quot;,&quot;animation&quot;:&quot;fadeIn&quot;}\">\n\t\t\t\t<div class=\"elementor-element elementor-element-fa9e9a6 elementor-widget elementor-widget-image\" data-id=\"fa9e9a6\" data-element_type=\"widget\" data-e-type=\"widget\" data-widget_type=\"image.default\">\n\t\t\t\t<div class=\"elementor-widget-container\">\n\t\t\t\t\t\t\t\t\t\t\t\t\t\t\t\t<a href=\"https:\/\/brutalesco.com\/wp-content\/uploads\/2024\/06\/El-Pintor-mixed-media-on-wood-60cm-x-40cm.jpeg\" data-elementor-open-lightbox=\"yes\" data-elementor-lightbox-title=\"El Pintor, mixed media on wood, 40cm x 60cm\" data-e-action-hash=\"#elementor-action%3Aaction%3Dlightbox%26settings%3DeyJpZCI6NDg2NSwidXJsIjoiaHR0cHM6XC9cL2JydXRhbGVzY28uY29tXC93cC1jb250ZW50XC91cGxvYWRzXC8yMDI0XC8wNlwvRWwtUGludG9yLW1peGVkLW1lZGlhLW9uLXdvb2QtNjBjbS14LTQwY20uanBlZyJ9\">\n\t\t\t\t\t\t\t<img loading=\"lazy\" decoding=\"async\" width=\"723\" height=\"1024\" src=\"https:\/\/brutalesco.com\/wp-content\/uploads\/2024\/06\/El-Pintor-mixed-media-on-wood-60cm-x-40cm-723x1024.jpeg\" class=\"attachment-large size-large wp-image-4865\" alt=\"\" srcset=\"https:\/\/brutalesco.com\/wp-content\/uploads\/2024\/06\/El-Pintor-mixed-media-on-wood-60cm-x-40cm-723x1024.jpeg 723w, https:\/\/brutalesco.com\/wp-content\/uploads\/2024\/06\/El-Pintor-mixed-media-on-wood-60cm-x-40cm-212x300.jpeg 212w, https:\/\/brutalesco.com\/wp-content\/uploads\/2024\/06\/El-Pintor-mixed-media-on-wood-60cm-x-40cm-768x1088.jpeg 768w, https:\/\/brutalesco.com\/wp-content\/uploads\/2024\/06\/El-Pintor-mixed-media-on-wood-60cm-x-40cm-8x12.jpeg 8w, https:\/\/brutalesco.com\/wp-content\/uploads\/2024\/06\/El-Pintor-mixed-media-on-wood-60cm-x-40cm-200x283.jpeg 200w, https:\/\/brutalesco.com\/wp-content\/uploads\/2024\/06\/El-Pintor-mixed-media-on-wood-60cm-x-40cm-600x850.jpeg 600w, https:\/\/brutalesco.com\/wp-content\/uploads\/2024\/06\/El-Pintor-mixed-media-on-wood-60cm-x-40cm.jpeg 800w\" sizes=\"(max-width: 723px) 100vw, 723px\" \/>\t\t\t\t\t\t\t\t<\/a>\n\t\t\t\t\t\t\t\t\t\t\t\t\t\t\t<\/div>\n\t\t\t\t<\/div>\n\t\t\t\t<div class=\"elementor-element elementor-element-6f6baf0 elementor-widget elementor-widget-heading\" data-id=\"6f6baf0\" data-element_type=\"widget\" data-e-type=\"widget\" data-widget_type=\"heading.default\">\n\t\t\t\t<div class=\"elementor-widget-container\">\n\t\t\t\t\t<h2 class=\"elementor-heading-title elementor-size-default\">El Pintor <br> T\u00e9cnica mixta sobre madera<br> 40cm x 60cm<\/h2>\t\t\t\t<\/div>\n\t\t\t\t<\/div>\n\t\t\t\t<\/div>\n\t\t<div class=\"elementor-element elementor-element-37252ff e-con-full animated-slow collection-effect  e-flex elementor-invisible e-con e-child\" data-id=\"37252ff\" data-element_type=\"container\" data-e-type=\"container\" data-settings=\"{&quot;background_background&quot;:&quot;classic&quot;,&quot;animation&quot;:&quot;fadeIn&quot;}\">\n\t\t\t\t<div class=\"elementor-element elementor-element-c57ba80 elementor-widget elementor-widget-image\" data-id=\"c57ba80\" data-element_type=\"widget\" data-e-type=\"widget\" data-widget_type=\"image.default\">\n\t\t\t\t<div class=\"elementor-widget-container\">\n\t\t\t\t\t\t\t\t\t\t\t\t\t\t\t\t<a href=\"https:\/\/brutalesco.com\/wp-content\/uploads\/2024\/06\/Danzantes-Tinta-y-Acrilico-sobre-papel-30x40cms-view.jpeg\" data-elementor-open-lightbox=\"yes\" data-elementor-lightbox-title=\"Danzantes - Ink and Acrylic on paper - 40cm x 30cm\" data-e-action-hash=\"#elementor-action%3Aaction%3Dlightbox%26settings%3DeyJpZCI6NDg1MSwidXJsIjoiaHR0cHM6XC9cL2JydXRhbGVzY28uY29tXC93cC1jb250ZW50XC91cGxvYWRzXC8yMDI0XC8wNlwvRGFuemFudGVzLVRpbnRhLXktQWNyaWxpY28tc29icmUtcGFwZWwtMzB4NDBjbXMtdmlldy5qcGVnIn0%3D\">\n\t\t\t\t\t\t\t<img loading=\"lazy\" decoding=\"async\" width=\"1024\" height=\"715\" src=\"https:\/\/brutalesco.com\/wp-content\/uploads\/2024\/06\/Danzantes-Tinta-y-Acrilico-sobre-papel-30x40cms-view-1024x715.jpeg\" class=\"attachment-large size-large wp-image-4851\" alt=\"\" srcset=\"https:\/\/brutalesco.com\/wp-content\/uploads\/2024\/06\/Danzantes-Tinta-y-Acrilico-sobre-papel-30x40cms-view-1024x715.jpeg 1024w, https:\/\/brutalesco.com\/wp-content\/uploads\/2024\/06\/Danzantes-Tinta-y-Acrilico-sobre-papel-30x40cms-view-300x210.jpeg 300w, https:\/\/brutalesco.com\/wp-content\/uploads\/2024\/06\/Danzantes-Tinta-y-Acrilico-sobre-papel-30x40cms-view-768x536.jpeg 768w, https:\/\/brutalesco.com\/wp-content\/uploads\/2024\/06\/Danzantes-Tinta-y-Acrilico-sobre-papel-30x40cms-view-1536x1073.jpeg 1536w, https:\/\/brutalesco.com\/wp-content\/uploads\/2024\/06\/Danzantes-Tinta-y-Acrilico-sobre-papel-30x40cms-view-18x12.jpeg 18w, https:\/\/brutalesco.com\/wp-content\/uploads\/2024\/06\/Danzantes-Tinta-y-Acrilico-sobre-papel-30x40cms-view-200x140.jpeg 200w, https:\/\/brutalesco.com\/wp-content\/uploads\/2024\/06\/Danzantes-Tinta-y-Acrilico-sobre-papel-30x40cms-view-600x419.jpeg 600w, https:\/\/brutalesco.com\/wp-content\/uploads\/2024\/06\/Danzantes-Tinta-y-Acrilico-sobre-papel-30x40cms-view.jpeg 1635w\" sizes=\"(max-width: 1024px) 100vw, 1024px\" \/>\t\t\t\t\t\t\t\t<\/a>\n\t\t\t\t\t\t\t\t\t\t\t\t\t\t\t<\/div>\n\t\t\t\t<\/div>\n\t\t\t\t<div class=\"elementor-element elementor-element-cf6bb67 elementor-widget elementor-widget-heading\" data-id=\"cf6bb67\" data-element_type=\"widget\" data-e-type=\"widget\" data-widget_type=\"heading.default\">\n\t\t\t\t<div class=\"elementor-widget-container\">\n\t\t\t\t\t<h2 class=\"elementor-heading-title elementor-size-default\">Danzantes <br>Tinta y acr\u00edlico sobre papel<br> 40cm x 30cm<\/h2>\t\t\t\t<\/div>\n\t\t\t\t<\/div>\n\t\t\t\t<\/div>\n\t\t\t\t\t<\/div>\n\t\t\t\t<\/div>\n\t\t\t\t<\/div>","protected":false},"excerpt":{"rendered":"<p>THE COLLECTION The Collection showcases a curated selection of the artist\u2019s works, serving as a portfolio to display their creative journey and artistic evolution. These private pieces belong to individuals, entities, or have been donated, and are not available for sale. Instead, they offer insight into the breadth and diversity of the artist\u2019s body of [&hellip;]<\/p>\n","protected":false},"author":1,"featured_media":0,"parent":0,"menu_order":0,"comment_status":"closed","ping_status":"closed","template":"","meta":{"site-sidebar-layout":"no-sidebar","site-content-layout":"page-builder","ast-site-content-layout":"full-width-container","site-content-style":"default","site-sidebar-style":"default","ast-global-header-display":"","ast-banner-title-visibility":"","ast-main-header-display":"","ast-hfb-above-header-display":"","ast-hfb-below-header-display":"","ast-hfb-mobile-header-display":"","site-post-title":"disabled","ast-breadcrumbs-content":"","ast-featured-img":"disabled","footer-sml-layout":"","ast-disable-related-posts":"","theme-transparent-header-meta":"","adv-header-id-meta":"","stick-header-meta":"","header-above-stick-meta":"","header-main-stick-meta":"","header-below-stick-meta":"","astra-migrate-meta-layouts":"set","ast-page-background-enabled":"default","ast-page-background-meta":{"desktop":{"background-color":"var(--ast-global-color-4)","background-image":"","background-repeat":"repeat","background-position":"center center","background-size":"auto","background-attachment":"scroll","background-type":"","background-media":"","overlay-type":"","overlay-color":"","overlay-opacity":"","overlay-gradient":""},"tablet":{"background-color":"","background-image":"","background-repeat":"repeat","background-position":"center center","background-size":"auto","background-attachment":"scroll","background-type":"","background-media":"","overlay-type":"","overlay-color":"","overlay-opacity":"","overlay-gradient":""},"mobile":{"background-color":"","background-image":"","background-repeat":"repeat","background-position":"center center","background-size":"auto","background-attachment":"scroll","background-type":"","background-media":"","overlay-type":"","overlay-color":"","overlay-opacity":"","overlay-gradient":""}},"ast-content-background-meta":{"desktop":{"background-color":"var(--ast-global-color-5)","background-image":"","background-repeat":"repeat","background-position":"center center","background-size":"auto","background-attachment":"scroll","background-type":"","background-media":"","overlay-type":"","overlay-color":"","overlay-opacity":"","overlay-gradient":""},"tablet":{"background-color":"var(--ast-global-color-5)","background-image":"","background-repeat":"repeat","background-position":"center center","background-size":"auto","background-attachment":"scroll","background-type":"","background-media":"","overlay-type":"","overlay-color":"","overlay-opacity":"","overlay-gradient":""},"mobile":{"background-color":"var(--ast-global-color-5)","background-image":"","background-repeat":"repeat","background-position":"center center","background-size":"auto","background-attachment":"scroll","background-type":"","background-media":"","overlay-type":"","overlay-color":"","overlay-opacity":"","overlay-gradient":""}},"footnotes":""},"class_list":["post-38","page","type-page","status-publish","hentry"],"_links":{"self":[{"href":"https:\/\/brutalesco.com\/es\/wp-json\/wp\/v2\/pages\/38","targetHints":{"allow":["GET"]}}],"collection":[{"href":"https:\/\/brutalesco.com\/es\/wp-json\/wp\/v2\/pages"}],"about":[{"href":"https:\/\/brutalesco.com\/es\/wp-json\/wp\/v2\/types\/page"}],"author":[{"embeddable":true,"href":"https:\/\/brutalesco.com\/es\/wp-json\/wp\/v2\/users\/1"}],"replies":[{"embeddable":true,"href":"https:\/\/brutalesco.com\/es\/wp-json\/wp\/v2\/comments?post=38"}],"version-history":[{"count":12,"href":"https:\/\/brutalesco.com\/es\/wp-json\/wp\/v2\/pages\/38\/revisions"}],"predecessor-version":[{"id":7206,"href":"https:\/\/brutalesco.com\/es\/wp-json\/wp\/v2\/pages\/38\/revisions\/7206"}],"wp:attachment":[{"href":"https:\/\/brutalesco.com\/es\/wp-json\/wp\/v2\/media?parent=38"}],"curies":[{"name":"wp","href":"https:\/\/api.w.org\/{rel}","templated":true}]}}