{"id":1961,"date":"2024-04-04T10:51:08","date_gmt":"2024-04-04T10:51:08","guid":{"rendered":"https:\/\/brutalesco.com\/?page_id=1961"},"modified":"2024-10-16T10:13:22","modified_gmt":"2024-10-16T10:13:22","slug":"terms-and-conditions","status":"publish","type":"page","link":"https:\/\/brutalesco.com\/es\/terms-and-conditions\/","title":{"rendered":"T\u00e9rminos y Condiciones"},"content":{"rendered":"<div data-elementor-type=\"wp-page\" data-elementor-id=\"1961\" class=\"elementor elementor-1961\" data-elementor-post-type=\"page\">\n\t\t\t\t<div class=\"elementor-element elementor-element-bfbc47a e-flex e-con-boxed e-con e-parent\" data-id=\"bfbc47a\" data-element_type=\"container\" data-e-type=\"container\">\n\t\t\t\t\t<div class=\"e-con-inner\">\n\t\t\t\t<div class=\"elementor-element elementor-element-6999023 elementor-widget elementor-widget-heading\" data-id=\"6999023\" data-element_type=\"widget\" data-e-type=\"widget\" data-widget_type=\"heading.default\">\n\t\t\t\t<div class=\"elementor-widget-container\">\n\t\t\t\t\t<h2 class=\"elementor-heading-title elementor-size-default\">T\u00c9RMINOS Y CONDICIONES<\/h2>\t\t\t\t<\/div>\n\t\t\t\t<\/div>\n\t\t\t\t<div class=\"elementor-element elementor-element-b783b84 elementor-widget__width-initial elementor-widget elementor-widget-text-editor\" data-id=\"b783b84\" data-element_type=\"widget\" data-e-type=\"widget\" data-widget_type=\"text-editor.default\">\n\t\t\t\t<div class=\"elementor-widget-container\">\n\t\t\t\t\t\t\t\t\t<strong><span style=\"font-size: 14pt;\"><a class=\"termsandcond-menu\" href=\"#\">CONTENIDO<\/a> <\/span>|\n<a class=\"termsandcond-menu\" href=\"https:\/\/brutalesco.com\/es\/terms-and-conditions\/#intel-property\">1 \u2013 PROPIEDAD INTELECTUAL<\/a> |\n<a class=\"termsandcond-menu\" href=\"https:\/\/brutalesco.com\/es\/terms-and-conditions\/#users\">2 \u2013 CUENTA DE USUARIO<\/a> |\n<a class=\"termsandcond-menu\" href=\"https:\/\/brutalesco.com\/es\/terms-and-conditions\/#artwork-ava\">3 \u2013 DISPONIBILIDAD DE OBRA<\/a> |\n<a class=\"termsandcond-menu\" href=\"https:\/\/brutalesco.com\/es\/terms-and-conditions\/#cert-auten\">4 \u2013 CERTIFICADO DE AUTENTICIDAD<\/a>\n|<br>\n<a class=\"termsandcond-menu\" href=\"https:\/\/brutalesco.com\/es\/terms-and-conditions\/#website\">5 \u2013 SITIO WEB <\/a><\/strong>|\n<strong><a class=\"termsandcond-menu\" href=\"https:\/\/brutalesco.com\/es\/terms-and-conditions\/#payments\">6 \u2013 PAGOS\/DESCUENTOS <\/a>|<\/strong>\n<strong><a class=\"termsandcond-menu\" href=\"https:\/\/brutalesco.com\/es\/terms-and-conditions\/#shipping\">7 \u2013 ENV\u00cdO Y ENTREGA<\/a> |<\/strong>\n<strong><a class=\"termsandcond-menu\" href=\"https:\/\/brutalesco.com\/es\/terms-and-conditions\/#official\">8 \u2013 COMUNICACI\u00d3N OFICIAL Y PROTECCI\u00d3N CONTRA EL FRAUDE<\/a><\/strong>\t\t\t\t\t\t\t\t<\/div>\n\t\t\t\t<\/div>\n\t\t\t\t<div class=\"elementor-element elementor-element-13e69fd elementor-widget elementor-widget-text-editor\" data-id=\"13e69fd\" data-element_type=\"widget\" data-e-type=\"widget\" data-widget_type=\"text-editor.default\">\n\t\t\t\t<div class=\"elementor-widget-container\">\n\t\t\t\t\t\t\t\t\t<p>Estos t\u00e9rminos y condiciones rigen el uso de nuestro sitio web.<\/p><p>Al utilizar nuestro sitio web, acepta estos t\u00e9rminos y condiciones en su totalidad. Si no est\u00e1 de acuerdo con estos t\u00e9rminos y condiciones o con cualquier parte de estos t\u00e9rminos y condiciones, no debe utilizar nuestro sitio web.<\/p>\t\t\t\t\t\t\t\t<\/div>\n\t\t\t\t<\/div>\n\t\t\t\t<div class=\"elementor-element elementor-element-d66650c elementor-widget elementor-widget-text-editor\" data-id=\"d66650c\" data-element_type=\"widget\" data-e-type=\"widget\" id=\"intel-property\" data-widget_type=\"text-editor.default\">\n\t\t\t\t<div class=\"elementor-widget-container\">\n\t\t\t\t\t\t\t\t\t<p><strong>1 \u2013 PROPIEDAD INTELECTUAL<\/strong> &#8211;<\/p><p class=\"p1\">Todas las obras de arte y el contenido de este sitio web est\u00e1n protegidos por la <b>Ley holandesa de derechos de autor (Auteurswet)<\/b>. Se proh\u00edbe estrictamente la reproducci\u00f3n o copia no autorizada de cualquier imagen. Esto incluye, entre otras cosas, la descarga, el almacenamiento, la impresi\u00f3n o cualquier otra forma de reproducci\u00f3n sin el permiso previo por escrito del artista o del propietario de los derechos de autor.<br \/>Si est\u00e1 interesado en utilizar o reproducir alguna obra de arte, comun\u00edquese con\u00a0<a class=\"custom-link\" href=\"https:\/\/brutalesco.com\/es\/contact\/\">Brutalesco\u00a0<\/a>para consultar sobre licencias y permisos.<br \/>Gracias por respetar los derechos de propiedad intelectual del artista.<\/p>\t\t\t\t\t\t\t\t<\/div>\n\t\t\t\t<\/div>\n\t\t\t\t<div class=\"elementor-element elementor-element-a952751 elementor-widget elementor-widget-text-editor\" data-id=\"a952751\" data-element_type=\"widget\" data-e-type=\"widget\" id=\"users\" data-widget_type=\"text-editor.default\">\n\t\t\t\t<div class=\"elementor-widget-container\">\n\t\t\t\t\t\t\t\t\t<p><strong>2 \u2013 CUENTA DE USUARIO<\/strong> \u2013 Su cuenta creada es privada y <strong>NO<\/strong> vinculado a un perfil de usuario visible para otros usuarios.<\/p><p><strong>2.1<\/strong> \u2013 Para acceder a ciertas funciones y servicios de nuestro sitio web, los usuarios deber\u00e1n crear una cuenta.<\/p><p><strong>2.2<\/strong> \u2013 Los usuarios deber\u00e1n proporcionar informaci\u00f3n veraz y completa durante el proceso de registro y mantener actualizada la informaci\u00f3n de su cuenta.<\/p><p><strong>2.3 &#8211; <\/strong>Los usuarios son responsables de mantener la confidencialidad de las credenciales de su cuenta y de todas las actividades que ocurran bajo su cuenta.<\/p><p><strong>2.4<\/strong> \u2013 Los usuarios pueden cancelar sus cuentas en cualquier momento contactando a nuestro equipo de soporte.<\/p><p><strong>2.5<\/strong> \u2013 Las cuentas son solo para uso personal. Los usuarios no pueden utilizar sus cuentas con fines comerciales sin nuestro consentimiento expl\u00edcito.<\/p>\t\t\t\t\t\t\t\t<\/div>\n\t\t\t\t<\/div>\n\t\t\t\t<div class=\"elementor-element elementor-element-34b5506 elementor-widget elementor-widget-text-editor\" data-id=\"34b5506\" data-element_type=\"widget\" data-e-type=\"widget\" id=\"artwork-ava\" data-widget_type=\"text-editor.default\">\n\t\t\t\t<div class=\"elementor-widget-container\">\n\t\t\t\t\t\t\t\t\t<p><strong>3 \u2013 DISPONIBILIDAD DE OBRA<\/strong> \u2013 Tenga en cuenta que todas las obras de arte presentadas est\u00e1n sujetas a disponibilidad. Nuestra colecci\u00f3n est\u00e1 evolucionando din\u00e1micamente y las piezas cambian con frecuencia a nuevos hogares. Alentamos a los coleccionistas interesados \u200b\u200ba consultar con prontitud sobre las piezas que cautivan su inter\u00e9s, para garantizar la oportunidad de adquisici\u00f3n.<\/p>\t\t\t\t\t\t\t\t<\/div>\n\t\t\t\t<\/div>\n\t\t\t\t<div class=\"elementor-element elementor-element-56dff77 elementor-widget elementor-widget-text-editor\" data-id=\"56dff77\" data-element_type=\"widget\" data-e-type=\"widget\" id=\"cert-auten\" data-widget_type=\"text-editor.default\">\n\t\t\t\t<div class=\"elementor-widget-container\">\n\t\t\t\t\t\t\t\t\t<p><strong>4 \u2013 CERTIFICADO DE AUTENTICIDAD<\/strong> En nuestro compromiso con la autenticidad y el valor de nuestro arte, cada pieza comprada va acompa\u00f1ada de un Certificado de Autenticidad. Este certificado garantiza la originalidad de la obra de arte y sirve como testimonio de su autenticidad, destacando la firma del artista. Esto garantiza que cada pieza que integres en tu espacio sea genuina y distintivamente suya.<\/p><p>Estamos inmensamente orgullosos de la integridad de nuestra colecci\u00f3n y de cumplir con las expectativas de nuestros coleccionistas. La entrega de un certificado de autenticidad con cada compra es un reflejo de nuestra inquebrantable dedicaci\u00f3n a la transparencia y la confianza, aline\u00e1ndose con los m\u00e1s altos est\u00e1ndares art\u00edsticos.<\/p><p>En caso de p\u00e9rdida, robo o extrav\u00edo del Certificado de autenticidad original, se podr\u00e1 emitir una copia de reemplazo previa solicitud. Tenga en cuenta que para obtener un certificado de reemplazo, el comprador deber\u00e1 proporcionar una forma v\u00e1lida de identificaci\u00f3n para verificar su propiedad de la obra de arte. Esta medida se implementa para proteger la integridad del proceso de certificaci\u00f3n y garantizar que la obra de arte permanezca documentada de forma segura.<\/p>\t\t\t\t\t\t\t\t<\/div>\n\t\t\t\t<\/div>\n\t\t\t\t<div class=\"elementor-element elementor-element-5574ff8 elementor-widget elementor-widget-text-editor\" data-id=\"5574ff8\" data-element_type=\"widget\" data-e-type=\"widget\" id=\"website\" data-widget_type=\"text-editor.default\">\n\t\t\t\t<div class=\"elementor-widget-container\">\n\t\t\t\t\t\t\t\t\t<p><strong>5 \u2013 SITIO WEB<\/strong> \u2013 Nuestro sitio web incluye enlaces a sitios externos, como por ejemplo a trav\u00e9s de nuestros botones de redes sociales. Aunque nos esforzamos por vincularnos solo a sitios que respeten nuestros altos est\u00e1ndares y respeto por la privacidad, no podemos responsabilizarnos por el contenido, la seguridad o las pr\u00e1cticas de privacidad de estos otros sitios web. El enlace a un sitio web no implica un respaldo de ese sitio. Una vez que navega a otro sitio desde nuestro sitio web, est\u00e1 sujeto a los t\u00e9rminos y condiciones del sitio de destino, incluida su pol\u00edtica de privacidad. Revise estas pol\u00edticas antes de proporcionar cualquier informaci\u00f3n personal.<\/p><p>Si se le ha proporcionado o ha elegido una contrase\u00f1a para acceder a determinadas \u00e1reas de nuestro sitio web, es su responsabilidad mantener la confidencialidad de dicha contrase\u00f1a. No la comparta con nadie.<\/p><p><strong>Aviso importante<\/strong><\/p><p>\u201cTodas las im\u00e1genes ambientales de las obras de arte que se muestran en este sitio web se proporcionan solo con fines ilustrativos. Las medidas que se muestran en estas im\u00e1genes pueden no ser precisas. Para conocer las dimensiones exactas, consulte los detalles del producto proporcionados\u201d.<\/p>\t\t\t\t\t\t\t\t<\/div>\n\t\t\t\t<\/div>\n\t\t\t\t<div class=\"elementor-element elementor-element-1f9753b elementor-widget elementor-widget-text-editor\" data-id=\"1f9753b\" data-element_type=\"widget\" data-e-type=\"widget\" data-widget_type=\"text-editor.default\">\n\t\t\t\t<div class=\"elementor-widget-container\">\n\t\t\t\t\t\t\t\t\tNuestro sitio web est\u00e1 protegido con un certificado SSL (Secure Socket Layer). Esto garantiza que todos los datos intercambiados entre nuestros usuarios y nuestro sitio web est\u00e1n cifrados y protegidos. El certificado SSL es visible a trav\u00e9s del enlace \"http<strong>s<\/strong>:\/\/\u201d prefijo en la URL de nuestro sitio web y el icono del candado en la barra de direcciones de su navegador.<br>\n<img decoding=\"async\" class=\"ssl-certificate\" src=\"https:\/\/brutalesco.com\/wp-content\/uploads\/2024\/07\/sslcertificate-removebg-preview.png\" alt=\"SSL Certificate logo\" \/>\t\t\t\t\t\t\t\t<\/div>\n\t\t\t\t<\/div>\n\t\t\t\t<div class=\"elementor-element elementor-element-6f1e966 elementor-widget elementor-widget-text-editor\" data-id=\"6f1e966\" data-element_type=\"widget\" data-e-type=\"widget\" id=\"payments\" data-widget_type=\"text-editor.default\">\n\t\t\t\t<div class=\"elementor-widget-container\">\n\t\t\t\t\t\t\t\t\t<p><strong>6 \u2013 PAGOS\/DESCUENTOS<\/strong> \u2013 Aceptamos los siguientes m\u00e9todos de pago (si desea utilizar un m\u00e9todo de pago diferente, comun\u00edquese con nosotros para coordinarlo):<\/p><p>\u2013 Tarjetas de Cr\u00e9dito\/D\u00e9bito (Visa, MasterCard, American Express)<\/p><p>\u2013 Apple Pay (dispositivos Apple y navegador Safari)<\/p><p>\u2013 iDeal (para Pa\u00edses Bajos)<\/p><div>Tenga cuidado con las estafas o correos electr\u00f3nicos fraudulentos que parecen provenir de nosotros pero no lo son. Estos intentos de phishing pueden solicitarle informaci\u00f3n personal o de pago. Verifique siempre la autenticidad de cualquier comunicaci\u00f3n que reciba de nosotros. Si tiene alguna duda, comun\u00edquese con nuestro equipo de atenci\u00f3n al cliente para verificarla.<\/div><div>\u00a0<\/div><div>Nos tomamos su seguridad en serio y \u201c<strong><span style=\"text-decoration: underline;\">nunca solicitaremos su informaci\u00f3n de pago por correo electr\u00f3nico, tel\u00e9fono o cualquier otro medio\u201d<\/span><\/strong><\/div><div>\u00a0<\/div><div><strong>6.1 \u2013 Descuentos y Promociones: <\/strong>Todos los descuentos son para uso individual y no se pueden combinar con otras promociones, descuentos o art\u00edculos que ya est\u00e9n en oferta. Los descuentos no se pueden aplicar de forma retroactiva a compras anteriores.<\/div><div><strong><br \/>6.2 \u2013 Descuentos por suscripci\u00f3n al bolet\u00edn informativo: <\/strong>Los descuentos ofrecidos a trav\u00e9s de las suscripciones al bolet\u00edn son v\u00e1lidos \u00fanicamente para la primera compra y no se pueden aplicar a pedidos posteriores.<\/div><div>\u00a0<\/div><p class=\"p1\"><strong>6.3<\/strong> \u2013 <b>Precios, IVA y <\/b><b>Exenciones fiscales<\/b><b>:<\/b><b><\/b><\/p><p class=\"p3\">\u2022 <b>Clientes de la UE<\/b>: Todos los precios que aparecen en nuestra web incluyen el IVA, de acuerdo con la normativa de la UE. El importe del IVA se indicar\u00e1 claramente en la factura final.<\/p><p class=\"p3\">\u2022 <b>Clientes no pertenecientes a la UE<\/b>: Para los compradores fuera de la Uni\u00f3n Europea, no se aplica el IVA. El precio que se muestra, que incluye el IVA, se reducir\u00e1 al finalizar la compra para reflejar la exenci\u00f3n del IVA. Sin embargo, los clientes que no pertenecen a la UE son responsables de los impuestos de importaci\u00f3n, aranceles o cargos adicionales que puedan aplicarse en su pa\u00eds de destino.<\/p><p class=\"p1\"><b>Aviso Importante:<\/b> Los clientes que no pertenecen a la UE deben consultar con su oficina de aduanas local los posibles costes adicionales antes de realizar una compra. Brutalesco no se hace responsable de estos cargos, que deben ser abonados por el destinatario.<\/p>\t\t\t\t\t\t\t\t<\/div>\n\t\t\t\t<\/div>\n\t\t\t\t<div class=\"elementor-element elementor-element-37a5563 elementor-widget elementor-widget-text-editor\" data-id=\"37a5563\" data-element_type=\"widget\" data-e-type=\"widget\" id=\"shipping\" data-widget_type=\"text-editor.default\">\n\t\t\t\t<div class=\"elementor-widget-container\">\n\t\t\t\t\t\t\t\t\t<p><strong>7 \u2013 ENV\u00cdO Y ENTREGA<\/strong> &#8211; <b>\u00a0<\/b>El env\u00edo de las obras de arte se realizar\u00e1 en todos los casos mediante una agencia de transporte externa.<\/p><p><strong>7.1<\/strong>\u00a0Brutalesco enviar\u00e1 las obras adquiridas en base a la informaci\u00f3n proporcionada en el momento del pedido. La empresa no asume ninguna responsabilidad por entregas fallidas debido a informaci\u00f3n inexacta o incompleta. Asimismo, Brutalesco no se hace responsable de entregas fallidas causadas por la ausencia del destinatario o cualquier imposibilidad f\u00edsica para completar la entrega. Los costos incurridos por una entrega fallida y la posterior devoluci\u00f3n correr\u00e1n a cargo del comprador, o mediante un m\u00e9todo alternativo acordado con el comprador.<\/p><p><strong>7.2<\/strong>\u00a0Todos los pedidos se empaquetar\u00e1n adecuadamente seg\u00fan las necesidades de la obra de arte. Si, al recibirlo, el paquete muestra signos visibles de da\u00f1o o manipulaci\u00f3n, inspeccione el contenido antes de firmar el recibo. Si el pedido est\u00e1 da\u00f1ado o incompleto, devuelva el paquete y comun\u00edquese con nuestro equipo de Atenci\u00f3n al cliente.<\/p><p><strong>7.3<\/strong>\u00a0La entrega se considera realizada cuando el comprador, o un tercero autorizado, toma posesi\u00f3n f\u00edsica de la obra de arte, lo que se acredita mediante la firma del destinatario en la direcci\u00f3n de entrega designada. A partir de este momento, el riesgo de p\u00e9rdida o da\u00f1o de la obra de arte pasa al comprador.<\/p><p><strong>7.4<\/strong>\u00a0La propiedad de la obra de arte se transferir\u00e1 al comprador cuando Brutalesco haya recibido el pago total de todos los importes debidos por la compra, incluidos los gastos de env\u00edo (si corresponde).<\/p><p><strong>7.5<\/strong>\u00a0Los gastos de env\u00edo y los plazos de entrega pueden variar en funci\u00f3n del servicio seleccionado y del destino. Los plazos de entrega estimados no son vinculantes. Una vez realizado el pedido, Brutalesco o la Agencia de Transporte facilitar\u00e1n actualizaciones del seguimiento del env\u00edo. Brutalesco no se hace responsable de los retrasos producidos por circunstancias ajenas a su voluntad.<\/p><p>Priorizamos la entrega segura de su obra de arte. Para garantizar su tranquilidad, todos nuestros env\u00edos est\u00e1n completamente asegurados. En el improbable caso de que su obra de arte se da\u00f1e o se pierda durante el transporte, garantizamos un reembolso completo del monto pagado.<\/p><p>Su satisfacci\u00f3n es nuestra m\u00e1xima prioridad y nos comprometemos a brindarle la mejor experiencia posible. Si tiene alguna pregunta o inquietud sobre nuestra pol\u00edtica de env\u00edo y seguro, no dude en comunicarse con nuestro equipo de atenci\u00f3n al cliente.<\/p><p>* <strong>Para pedidos fuera del Espacio Econ\u00f3mico Europeo<\/strong>, el comprador es responsable de verificar y pagar cualquier impuesto de importaci\u00f3n, arancel o cargo adicional que pueda aplicarse en su pa\u00eds.<\/p>\t\t\t\t\t\t\t\t<\/div>\n\t\t\t\t<\/div>\n\t\t\t\t<div class=\"elementor-element elementor-element-667a02a elementor-widget elementor-widget-text-editor\" data-id=\"667a02a\" data-element_type=\"widget\" data-e-type=\"widget\" id=\"official\" data-widget_type=\"text-editor.default\">\n\t\t\t\t<div class=\"elementor-widget-container\">\n\t\t\t\t\t\t\t\t\t<p><strong>8 \u2013 COMUNICACI\u00d3N OFICIAL Y PROTECCI\u00d3N CONTRA EL FRAUDE<\/strong> \u2013 Para proteger a nuestros usuarios de intentos de phishing o comunicaciones fraudulentas, queremos asegurarnos de que solo interact\u00fae con nosotros a trav\u00e9s de nuestros canales de contacto verificados.<\/p><p>S\u00f3lo nos pondremos en contacto con usted mediante las siguientes direcciones de correo electr\u00f3nico oficiales:<\/p><p>\u2022 info@brutalesco.com<br \/>\u2022 infobrutalesco@gmail.com<br \/>\u2022 demartino@brutalesco.com<br \/>\u2022 luis@brutalesco.com<\/p><p>Si recibe alg\u00fan correo electr\u00f3nico sospechoso que parezca ser de Brutalesco pero no utiliza los correos electr\u00f3nicos enumerados anteriormente, <strong>no responda<\/strong> o proporcionar cualquier informaci\u00f3n personal o de pago. Inf\u00f3rmenos de inmediato sobre cualquier situaci\u00f3n de este tipo a trav\u00e9s de uno de nuestros correos electr\u00f3nicos oficiales.<\/p><p>Si tiene alguna duda sobre la autenticidad de una comunicaci\u00f3n, cont\u00e1ctenos directamente utilizando los correos electr\u00f3nicos oficiales enumerados anteriormente.<\/p>\t\t\t\t\t\t\t\t<\/div>\n\t\t\t\t<\/div>\n\t\t\t\t\t<\/div>\n\t\t\t\t<\/div>\n\t\t\t\t<\/div>","protected":false},"excerpt":{"rendered":"<p>TERMS AND CONDITIONS CONTENT | 1 &#8211; INTELLECTUAL PROPERTY | 2 &#8211; USERS ACCOUNT | 3 &#8211; ARTWORK AVAILABILITY | 4 &#8211; CERTIFICATE OF AUTHENTICITY | 5 &#8211; WEBSITE | 6 &#8211; PAYMENTS\/DISCOUNTS | 7 &#8211; SHIPPING AND DELIVERY | 8 &#8211; OFFICIAL COMMUNICATION AND FRAUD PROTECTION These terms and conditions govern your use of [&hellip;]<\/p>\n","protected":false},"author":1,"featured_media":0,"parent":0,"menu_order":0,"comment_status":"closed","ping_status":"closed","template":"","meta":{"site-sidebar-layout":"no-sidebar","site-content-layout":"page-builder","ast-site-content-layout":"full-width-container","site-content-style":"default","site-sidebar-style":"default","ast-global-header-display":"","ast-banner-title-visibility":"","ast-main-header-display":"","ast-hfb-above-header-display":"","ast-hfb-below-header-display":"","ast-hfb-mobile-header-display":"","site-post-title":"disabled","ast-breadcrumbs-content":"","ast-featured-img":"disabled","footer-sml-layout":"","ast-disable-related-posts":"","theme-transparent-header-meta":"","adv-header-id-meta":"","stick-header-meta":"","header-above-stick-meta":"","header-main-stick-meta":"","header-below-stick-meta":"","astra-migrate-meta-layouts":"set","ast-page-background-enabled":"default","ast-page-background-meta":{"desktop":{"background-color":"var(--ast-global-color-4)","background-image":"","background-repeat":"repeat","background-position":"center center","background-size":"auto","background-attachment":"scroll","background-type":"","background-media":"","overlay-type":"","overlay-color":"","overlay-opacity":"","overlay-gradient":""},"tablet":{"background-color":"","background-image":"","background-repeat":"repeat","background-position":"center center","background-size":"auto","background-attachment":"scroll","background-type":"","background-media":"","overlay-type":"","overlay-color":"","overlay-opacity":"","overlay-gradient":""},"mobile":{"background-color":"","background-image":"","background-repeat":"repeat","background-position":"center center","background-size":"auto","background-attachment":"scroll","background-type":"","background-media":"","overlay-type":"","overlay-color":"","overlay-opacity":"","overlay-gradient":""}},"ast-content-background-meta":{"desktop":{"background-color":"var(--ast-global-color-5)","background-image":"","background-repeat":"repeat","background-position":"center center","background-size":"auto","background-attachment":"scroll","background-type":"","background-media":"","overlay-type":"","overlay-color":"","overlay-opacity":"","overlay-gradient":""},"tablet":{"background-color":"var(--ast-global-color-5)","background-image":"","background-repeat":"repeat","background-position":"center center","background-size":"auto","background-attachment":"scroll","background-type":"","background-media":"","overlay-type":"","overlay-color":"","overlay-opacity":"","overlay-gradient":""},"mobile":{"background-color":"var(--ast-global-color-5)","background-image":"","background-repeat":"repeat","background-position":"center center","background-size":"auto","background-attachment":"scroll","background-type":"","background-media":"","overlay-type":"","overlay-color":"","overlay-opacity":"","overlay-gradient":""}},"footnotes":""},"class_list":["post-1961","page","type-page","status-publish","hentry"],"_links":{"self":[{"href":"https:\/\/brutalesco.com\/es\/wp-json\/wp\/v2\/pages\/1961","targetHints":{"allow":["GET"]}}],"collection":[{"href":"https:\/\/brutalesco.com\/es\/wp-json\/wp\/v2\/pages"}],"about":[{"href":"https:\/\/brutalesco.com\/es\/wp-json\/wp\/v2\/types\/page"}],"author":[{"embeddable":true,"href":"https:\/\/brutalesco.com\/es\/wp-json\/wp\/v2\/users\/1"}],"replies":[{"embeddable":true,"href":"https:\/\/brutalesco.com\/es\/wp-json\/wp\/v2\/comments?post=1961"}],"version-history":[{"count":0,"href":"https:\/\/brutalesco.com\/es\/wp-json\/wp\/v2\/pages\/1961\/revisions"}],"wp:attachment":[{"href":"https:\/\/brutalesco.com\/es\/wp-json\/wp\/v2\/media?parent=1961"}],"curies":[{"name":"wp","href":"https:\/\/api.w.org\/{rel}","templated":true}]}}