{"id":1547,"date":"2024-04-09T08:41:26","date_gmt":"2024-04-09T08:41:26","guid":{"rendered":"https:\/\/brutalesco.com\/?page_id=1547"},"modified":"2024-10-08T00:24:08","modified_gmt":"2024-10-08T00:24:08","slug":"faq","status":"publish","type":"page","link":"https:\/\/brutalesco.com\/es\/faq\/","title":{"rendered":"Preguntas frecuentes"},"content":{"rendered":"<div data-elementor-type=\"wp-page\" data-elementor-id=\"1547\" class=\"elementor elementor-1547\" data-elementor-post-type=\"page\">\n\t\t\t\t<div class=\"elementor-element elementor-element-f086970 e-flex e-con-boxed e-con e-parent\" data-id=\"f086970\" data-element_type=\"container\" data-e-type=\"container\" data-settings=\"{&quot;background_background&quot;:&quot;classic&quot;}\">\n\t\t\t\t\t<div class=\"e-con-inner\">\n\t\t\t\t<div class=\"elementor-element elementor-element-2108014 elementor-widget elementor-widget-heading\" data-id=\"2108014\" data-element_type=\"widget\" data-e-type=\"widget\" data-widget_type=\"heading.default\">\n\t\t\t\t<div class=\"elementor-widget-container\">\n\t\t\t\t\t<h2 class=\"elementor-heading-title elementor-size-default\">PREGUNTAS FRECUENTES<\/h2>\t\t\t\t<\/div>\n\t\t\t\t<\/div>\n\t\t\t\t<div class=\"elementor-element elementor-element-15fb00f elementor-widget elementor-widget-heading\" data-id=\"15fb00f\" data-element_type=\"widget\" data-e-type=\"widget\" data-widget_type=\"heading.default\">\n\t\t\t\t<div class=\"elementor-widget-container\">\n\t\t\t\t\t<h2 class=\"elementor-heading-title elementor-size-default\">Encuentre las respuestas a sus consultas<\/h2>\t\t\t\t<\/div>\n\t\t\t\t<\/div>\n\t\t\t\t\t<\/div>\n\t\t\t\t<\/div>\n\t\t<div class=\"elementor-element elementor-element-214cf8b e-flex e-con-boxed e-con e-parent\" data-id=\"214cf8b\" data-element_type=\"container\" data-e-type=\"container\" data-settings=\"{&quot;background_background&quot;:&quot;classic&quot;}\">\n\t\t\t\t\t<div class=\"e-con-inner\">\n\t\t\t\t<div class=\"elementor-element elementor-element-b93880f elementor-widget elementor-widget-heading\" data-id=\"b93880f\" data-element_type=\"widget\" data-e-type=\"widget\" data-widget_type=\"heading.default\">\n\t\t\t\t<div class=\"elementor-widget-container\">\n\t\t\t\t\t<h2 class=\"elementor-heading-title elementor-size-default\">Env\u00edo y Entrega<\/h2>\t\t\t\t<\/div>\n\t\t\t\t<\/div>\n\t\t\t\t<div class=\"elementor-element elementor-element-eba8589 elementor-widget-mobile__width-initial elementor-widget elementor-widget-text-editor\" data-id=\"eba8589\" data-element_type=\"widget\" data-e-type=\"widget\" data-widget_type=\"text-editor.default\">\n\t\t\t\t<div class=\"elementor-widget-container\">\n\t\t\t\t\t\t\t\t\t<p><strong>\u00bfA qu\u00e9 ubicaciones ofrecemos entrega?<\/strong><\/p><p class=\"p1\">Como empresa global, nos enorgullecemos de ofrecer nuestros servicios a clientes de todo el mundo. Sin embargo, debido a problemas log\u00edsticos y cuestiones de seguridad, no podemos realizar entregas a regiones que actualmente experimentan conflictos armados o inestabilidad pol\u00edtica.<\/p>\t\t\t\t\t\t\t\t<\/div>\n\t\t\t\t<\/div>\n\t\t\t\t<div class=\"elementor-element elementor-element-a37c9c5 elementor-widget elementor-widget-text-editor\" data-id=\"a37c9c5\" data-element_type=\"widget\" data-e-type=\"widget\" data-widget_type=\"text-editor.default\">\n\t\t\t\t<div class=\"elementor-widget-container\">\n\t\t\t\t\t\t\t\t\t<p><strong>\u00bfPuedo rastrear mi pedido?<\/strong><\/p><p>Recibir\u00e1 un correo electr\u00f3nico con un enlace de seguimiento que le permitir\u00e1 controlar el estado de entrega de su pedido.<\/p>\t\t\t\t\t\t\t\t<\/div>\n\t\t\t\t<\/div>\n\t\t\t\t<div class=\"elementor-element elementor-element-95403f7 elementor-widget elementor-widget-text-editor\" data-id=\"95403f7\" data-element_type=\"widget\" data-e-type=\"widget\" data-widget_type=\"text-editor.default\">\n\t\t\t\t<div class=\"elementor-widget-container\">\n\t\t\t\t\t\t\t\t\t<p><strong>\u00bfQu\u00e9 pasa si le pasa algo al env\u00edo?<\/strong><\/p><p>Todos nuestros env\u00edos est\u00e1n totalmente asegurados. En el improbable caso de que su obra de arte se da\u00f1e o se pierda durante el transporte, le garantizamos un reembolso completo del importe pagado.<\/p>\t\t\t\t\t\t\t\t<\/div>\n\t\t\t\t<\/div>\n\t\t\t\t<div class=\"elementor-element elementor-element-d9cd955 elementor-widget elementor-widget-text-editor\" data-id=\"d9cd955\" data-element_type=\"widget\" data-e-type=\"widget\" data-widget_type=\"text-editor.default\">\n\t\t\t\t<div class=\"elementor-widget-container\">\n\t\t\t\t\t\t\t\t\t<p><strong>La empresa de env\u00edos se puso en contacto conmigo para pagar una tarifa extra, \u00bfpor qu\u00e9?\u00a0<\/strong><\/p><p>Si su pedido es detenido por la aduana, el mensajero se comunicar\u00e1 con usted para acordar el pago de cualquier costo adicional. Estos cargos deben ser pagados por el destinatario (comprador) del paquete. M\u00e1s informaci\u00f3n en Informaci\u00f3n Legal (7.1)<\/p>\t\t\t\t\t\t\t\t<\/div>\n\t\t\t\t<\/div>\n\t\t\t\t\t<\/div>\n\t\t\t\t<\/div>\n\t\t<div class=\"elementor-element elementor-element-5a39571 e-flex e-con-boxed e-con e-parent\" data-id=\"5a39571\" data-element_type=\"container\" data-e-type=\"container\" data-settings=\"{&quot;background_background&quot;:&quot;classic&quot;}\">\n\t\t\t\t\t<div class=\"e-con-inner\">\n\t\t\t\t<div class=\"elementor-element elementor-element-947b052 elementor-widget elementor-widget-heading\" data-id=\"947b052\" data-element_type=\"widget\" data-e-type=\"widget\" data-widget_type=\"heading.default\">\n\t\t\t\t<div class=\"elementor-widget-container\">\n\t\t\t\t\t<h2 class=\"elementor-heading-title elementor-size-default\">Obras de Arte<\/h2>\t\t\t\t<\/div>\n\t\t\t\t<\/div>\n\t\t\t\t<div class=\"elementor-element elementor-element-2d0209c elementor-widget elementor-widget-text-editor\" data-id=\"2d0209c\" data-element_type=\"widget\" data-e-type=\"widget\" data-widget_type=\"text-editor.default\">\n\t\t\t\t<div class=\"elementor-widget-container\">\n\t\t\t\t\t\t\t\t\t<p style=\"text-align: left;\"><strong>\u00bfLas obras de arte que se muestran en el sitio web est\u00e1n todas en stock?\u00a0<\/strong><\/p><p style=\"text-align: left;\">Tenga en cuenta que todas las obras de arte presentadas est\u00e1n sujetas a disponibilidad. Nuestra colecci\u00f3n est\u00e1 evolucionando din\u00e1micamente y las piezas cambian con frecuencia a nuevos hogares. Alentamos a los coleccionistas interesados \u200b\u200ba consultar con prontitud sobre las piezas que cautivan su inter\u00e9s, para garantizar la oportunidad de adquisici\u00f3n.<\/p>\t\t\t\t\t\t\t\t<\/div>\n\t\t\t\t<\/div>\n\t\t\t\t<div class=\"elementor-element elementor-element-06e0277 elementor-widget elementor-widget-text-editor\" data-id=\"06e0277\" data-element_type=\"widget\" data-e-type=\"widget\" data-widget_type=\"text-editor.default\">\n\t\t\t\t<div class=\"elementor-widget-container\">\n\t\t\t\t\t\t\t\t\t<p style=\"text-align: left;\"><strong>\u00bfC\u00f3mo me aseguro de que la obra de arte sea genuina?<\/strong><\/p><p style=\"text-align: left;\">En nuestro compromiso con la autenticidad y el valor de nuestro arte, cada pieza comprada va acompa\u00f1ada de un Certificado de Autenticidad. Este certificado garantiza la originalidad de la obra de arte y sirve como testimonio de su autenticidad, destacando la firma del artista. Esto garantiza que cada pieza que integres en tu espacio sea genuina y distintivamente suya.<\/p><p style=\"text-align: left;\">Estamos inmensamente orgullosos de la integridad de nuestra colecci\u00f3n y de cumplir con las expectativas de nuestros coleccionistas. La entrega de un certificado de autenticidad con cada compra es un reflejo de nuestra inquebrantable dedicaci\u00f3n a la transparencia y la confianza, aline\u00e1ndose con los m\u00e1s altos est\u00e1ndares art\u00edsticos.<\/p>\t\t\t\t\t\t\t\t<\/div>\n\t\t\t\t<\/div>\n\t\t\t\t<div class=\"elementor-element elementor-element-c1da91b elementor-widget elementor-widget-text-editor\" data-id=\"c1da91b\" data-element_type=\"widget\" data-e-type=\"widget\" data-widget_type=\"text-editor.default\">\n\t\t\t\t<div class=\"elementor-widget-container\">\n\t\t\t\t\t\t\t\t\t<p style=\"text-align: left;\"><strong>\u00bfProporcionamos marcos para las obras?<\/strong><\/p><p style=\"text-align: left;\">Tenga en cuenta que, por el momento, no proporcionamos marcos para las obras de arte que vendemos. Como operamos sin una tienda f\u00edsica, es un desaf\u00edo exhibir los marcos reales. Creemos que seleccionar el marco perfecto es una elecci\u00f3n personal que debe hacerse despu\u00e9s de comprar la obra de arte. Esto garantiza que puedas elegir el marco que mejor se adapte a tus gustos y complemente la obra de arte en tu propio espacio.<\/p>\t\t\t\t\t\t\t\t<\/div>\n\t\t\t\t<\/div>\n\t\t\t\t<div class=\"elementor-element elementor-element-b238025 elementor-widget elementor-widget-text-editor\" data-id=\"b238025\" data-element_type=\"widget\" data-e-type=\"widget\" data-widget_type=\"text-editor.default\">\n\t\t\t\t<div class=\"elementor-widget-container\">\n\t\t\t\t\t\t\t\t\t<p style=\"text-align: left;\"><strong>Proyectos de arte personalizados<\/strong><\/p><p style=\"text-align: left;\">Nos complace ofrecer soluciones art\u00edsticas personalizadas para las necesidades espec\u00edficas de su proyecto. Nuestro proceso garantiza que reciba arte personalizado de alta calidad que cumpla con sus especificaciones exactas. As\u00ed es como funciona:<\/p><p style=\"text-align: left;\"><strong>1 \u2013 Consulta Inicial y Croquis<\/strong>:<\/p><ul><li>Comenzamos con una consulta inicial para comprender su visi\u00f3n y los requisitos de la obra de arte.<\/li><li>Se crea un boceto de la obra de arte propuesta y se proporciona para su aprobaci\u00f3n.<\/li><li>Se requiere una tarifa inicial de 100 \u20ac por el boceto (cantidad que se deducir\u00e1 del importe total del proyecto una vez aceptado y completado).<\/li><\/ul><p style=\"text-align: left;\"><strong>2 \u2013 Inicio del Proyecto:<\/strong><\/p><ul><li>Una vez aprobado el boceto, pasamos a la siguiente fase del proyecto.<\/li><li>Para iniciar el proyecto se requiere un pago del 50% del costo total del proyecto.<\/li><\/ul><p style=\"text-align: left;\"><strong>3 \u2013 Finalizaci\u00f3n y Pago Final:<\/strong><\/p><ul><li>El 50% restante del costo del proyecto vence al finalizar y entregar la obra de arte final.<\/li><li>Nos aseguramos de que el producto final se alinean perfectamente con su visi\u00f3n inicial y cualquier comentario proporcionado durante el proceso.<\/li><\/ul><p><strong>Aviso<\/strong>: Los cronogramas de los proyectos est\u00e1n sujetos a la disponibilidad del artista y a los proyectos en curso.<\/p><p>Para obtener m\u00e1s informaci\u00f3n o comenzar su proyecto de arte personalizado, cont\u00e1ctenos.<\/p>\t\t\t\t\t\t\t\t<\/div>\n\t\t\t\t<\/div>\n\t\t\t\t<div class=\"elementor-element elementor-element-0ef3ca5 elementor-widget elementor-widget-text-editor\" data-id=\"0ef3ca5\" data-element_type=\"widget\" data-e-type=\"widget\" data-widget_type=\"text-editor.default\">\n\t\t\t\t<div class=\"elementor-widget-container\">\n\t\t\t\t\t\t\t\t\t<p style=\"text-align: left;\"><strong>Aviso importante:<\/strong><\/p><p style=\"text-align: left;\">Todas las im\u00e1genes ambientales de las obras de arte que se muestran en este sitio web se proporcionan \u00fanicamente con fines ilustrativos. Es posible que las medidas mostradas en estas im\u00e1genes no sean precisas. Para conocer las dimensiones precisas, consulte los detalles del producto proporcionados.<\/p>\t\t\t\t\t\t\t\t<\/div>\n\t\t\t\t<\/div>\n\t\t\t\t\t<\/div>\n\t\t\t\t<\/div>\n\t\t<div class=\"elementor-element elementor-element-85d7e45 e-flex e-con-boxed e-con e-parent\" data-id=\"85d7e45\" data-element_type=\"container\" data-e-type=\"container\" data-settings=\"{&quot;background_background&quot;:&quot;classic&quot;}\">\n\t\t\t\t\t<div class=\"e-con-inner\">\n\t\t\t\t<div class=\"elementor-element elementor-element-ee04dea elementor-widget elementor-widget-heading\" data-id=\"ee04dea\" data-element_type=\"widget\" data-e-type=\"widget\" data-widget_type=\"heading.default\">\n\t\t\t\t<div class=\"elementor-widget-container\">\n\t\t\t\t\t<h2 class=\"elementor-heading-title elementor-size-default\">Medios de Pago<\/h2>\t\t\t\t<\/div>\n\t\t\t\t<\/div>\n\t\t\t\t<div class=\"elementor-element elementor-element-137dc6f elementor-widget elementor-widget-text-editor\" data-id=\"137dc6f\" data-element_type=\"widget\" data-e-type=\"widget\" data-widget_type=\"text-editor.default\">\n\t\t\t\t<div class=\"elementor-widget-container\">\n\t\t\t\t\t\t\t\t\t<p style=\"text-align: left;\"><strong>\u00bfQu\u00e9 m\u00e9todos de pago aceptamos? <\/strong><\/p><ul><li>Tarjetas de cr\u00e9dito\/d\u00e9bito (Visa, MasterCard, American Express)<\/li><li>Apple Pay (dispositivos Apple y navegador Safari)<\/li><li>iDeal (para Pa\u00edses Bajos)<\/li><\/ul>\t\t\t\t\t\t\t\t<\/div>\n\t\t\t\t<\/div>\n\t\t\t\t<div class=\"elementor-element elementor-element-21082fb elementor-widget elementor-widget-text-editor\" data-id=\"21082fb\" data-element_type=\"widget\" data-e-type=\"widget\" data-widget_type=\"text-editor.default\">\n\t\t\t\t<div class=\"elementor-widget-container\">\n\t\t\t\t\t\t\t\t\t<p style=\"text-align: left;\"><strong>\u00bfEnviamos correos electr\u00f3nicos solicitando informaci\u00f3n de pago o verificaci\u00f3n?<\/strong><\/p><p style=\"text-align: left;\">Nunca solicitaremos su informaci\u00f3n de pago por correo electr\u00f3nico, tel\u00e9fono o cualquier otro medio.<\/p>\t\t\t\t\t\t\t\t<\/div>\n\t\t\t\t<\/div>\n\t\t\t\t\t<\/div>\n\t\t\t\t<\/div>\n\t\t<div class=\"elementor-element elementor-element-f1154ab e-flex e-con-boxed e-con e-parent\" data-id=\"f1154ab\" data-element_type=\"container\" data-e-type=\"container\" data-settings=\"{&quot;background_background&quot;:&quot;classic&quot;}\">\n\t\t\t\t\t<div class=\"e-con-inner\">\n\t\t\t\t<div class=\"elementor-element elementor-element-7a56767 elementor-widget elementor-widget-heading\" data-id=\"7a56767\" data-element_type=\"widget\" data-e-type=\"widget\" data-widget_type=\"heading.default\">\n\t\t\t\t<div class=\"elementor-widget-container\">\n\t\t\t\t\t<h2 class=\"elementor-heading-title elementor-size-default\">Cuentas de Usuario<\/h2>\t\t\t\t<\/div>\n\t\t\t\t<\/div>\n\t\t\t\t<div class=\"elementor-element elementor-element-7a89d5e elementor-widget elementor-widget-text-editor\" data-id=\"7a89d5e\" data-element_type=\"widget\" data-e-type=\"widget\" data-widget_type=\"text-editor.default\">\n\t\t\t\t<div class=\"elementor-widget-container\">\n\t\t\t\t\t\t\t\t\t<p style=\"text-align: left;\"><strong>Olvid\u00e9 mi contrase\u00f1a para Iniciar Sesi\u00f3n...<\/strong><\/p><p>No hay problema ! Puedes solicitar una nueva contrase\u00f1a en cualquier momento siguiendo los pasos:<\/p><p>Click en <strong>Ingresar<\/strong> bot\u00f3n <strong>Olvidaste la contrase\u00f1a ?<\/strong> &gt; Ingrese su <strong>Correo electr\u00f3nico<\/strong> &gt; click en <strong>ENLACE DE RESTABLECIMIENTO DE CORREO ELECTR\u00d3NICO<\/strong><\/p><p>Recibir\u00e1 un correo electr\u00f3nico dentro de 10 minutos, haga clic en el enlace para restablecer su contrase\u00f1a. Si no funcion\u00f3, por favor cont\u00e1ctenos.\u00a0<\/p>\t\t\t\t\t\t\t\t<\/div>\n\t\t\t\t<\/div>\n\t\t\t\t<div class=\"elementor-element elementor-element-d1a2cca elementor-widget elementor-widget-text-editor\" data-id=\"d1a2cca\" data-element_type=\"widget\" data-e-type=\"widget\" data-widget_type=\"text-editor.default\">\n\t\t\t\t<div class=\"elementor-widget-container\">\n\t\t\t\t\t\t\t\t\t<p style=\"text-align: left;\"><strong>Pol\u00edtica de intercambio de informaci\u00f3n personal <\/strong><\/p><p>No venderemos, distribuiremos ni cederemos su informaci\u00f3n personal a terceros a menos que tengamos su consentimiento o estemos legalmente obligados a hacerlo.<\/p><p>La informaci\u00f3n personal que usted proporciona puede divulgarse a empresas de terceros, agentes, contratistas, proveedores de servicios o entidades afiliadas si es necesario para cumplir con nuestras obligaciones, proporcionarle bienes y servicios, atender sus consultas o para cualquier prop\u00f3sito descrito en este aviso.<\/p><p>Podemos compartir su informaci\u00f3n con agencias policiales, organismos gubernamentales u otros terceros si la ley nos obliga a hacerlo.<\/p>\t\t\t\t\t\t\t\t<\/div>\n\t\t\t\t<\/div>\n\t\t\t\t\t<\/div>\n\t\t\t\t<\/div>\n\t\t<div class=\"elementor-element elementor-element-b52bc23 e-flex e-con-boxed e-con e-parent\" data-id=\"b52bc23\" data-element_type=\"container\" data-e-type=\"container\" data-settings=\"{&quot;background_background&quot;:&quot;classic&quot;}\">\n\t\t\t\t\t<div class=\"e-con-inner\">\n\t\t\t\t<div class=\"elementor-element elementor-element-4999b74 elementor-widget elementor-widget-heading\" data-id=\"4999b74\" data-element_type=\"widget\" data-e-type=\"widget\" data-widget_type=\"heading.default\">\n\t\t\t\t<div class=\"elementor-widget-container\">\n\t\t\t\t\t<h2 class=\"elementor-heading-title elementor-size-default\">Si no encontr\u00f3 su respuesta en las preguntas frecuentes, comun\u00edquese con nosotros<\/h2>\t\t\t\t<\/div>\n\t\t\t\t<\/div>\n\t\t<div class=\"elementor-element elementor-element-fac9112 e-flex e-con-boxed e-con e-child\" data-id=\"fac9112\" data-element_type=\"container\" data-e-type=\"container\">\n\t\t\t\t\t<div class=\"e-con-inner\">\n\t\t\t\t<div class=\"elementor-element elementor-element-6e3e022 elementor-align-center elementor-widget__width-initial e-transform elementor-widget elementor-widget-button\" data-id=\"6e3e022\" data-element_type=\"widget\" data-e-type=\"widget\" data-settings=\"{&quot;_transform_scale_effect_hover&quot;:{&quot;unit&quot;:&quot;px&quot;,&quot;size&quot;:1.05,&quot;sizes&quot;:[]},&quot;_transform_scale_effect_hover_tablet&quot;:{&quot;unit&quot;:&quot;px&quot;,&quot;size&quot;:&quot;&quot;,&quot;sizes&quot;:[]},&quot;_transform_scale_effect_hover_mobile&quot;:{&quot;unit&quot;:&quot;px&quot;,&quot;size&quot;:&quot;&quot;,&quot;sizes&quot;:[]}}\" data-widget_type=\"button.default\">\n\t\t\t\t<div class=\"elementor-widget-container\">\n\t\t\t\t\t\t\t\t\t<div class=\"elementor-button-wrapper\">\n\t\t\t\t\t<a class=\"elementor-button elementor-button-link elementor-size-sm\" href=\"https:\/\/brutalesco.com\/es\/contact\/\">\n\t\t\t\t\t\t<span class=\"elementor-button-content-wrapper\">\n\t\t\t\t\t\t\t\t\t<span class=\"elementor-button-text\">CONT\u00c1CTENOS<\/span>\n\t\t\t\t\t<\/span>\n\t\t\t\t\t<\/a>\n\t\t\t\t<\/div>\n\t\t\t\t\t\t\t\t<\/div>\n\t\t\t\t<\/div>\n\t\t\t\t\t<\/div>\n\t\t\t\t<\/div>\n\t\t\t\t\t<\/div>\n\t\t\t\t<\/div>\n\t\t\t\t<\/div>","protected":false},"excerpt":{"rendered":"<p>FREQUENTLY ASKED QUESTIONS (FAQ) Find the answers to your inquiries Shipping and Delivery To which locations do we offer delivery? As a global enterprise, we take pride in offering our services to customers around the world. However, due to logistical challenges and safety concerns, we are unable to deliver to regions currently experiencing armed conflict [&hellip;]<\/p>\n","protected":false},"author":1,"featured_media":0,"parent":0,"menu_order":0,"comment_status":"closed","ping_status":"closed","template":"","meta":{"site-sidebar-layout":"no-sidebar","site-content-layout":"page-builder","ast-site-content-layout":"full-width-container","site-content-style":"default","site-sidebar-style":"default","ast-global-header-display":"","ast-banner-title-visibility":"","ast-main-header-display":"","ast-hfb-above-header-display":"","ast-hfb-below-header-display":"","ast-hfb-mobile-header-display":"","site-post-title":"disabled","ast-breadcrumbs-content":"","ast-featured-img":"disabled","footer-sml-layout":"","ast-disable-related-posts":"","theme-transparent-header-meta":"","adv-header-id-meta":"","stick-header-meta":"","header-above-stick-meta":"","header-main-stick-meta":"","header-below-stick-meta":"","astra-migrate-meta-layouts":"set","ast-page-background-enabled":"default","ast-page-background-meta":{"desktop":{"background-color":"var(--ast-global-color-4)","background-image":"","background-repeat":"repeat","background-position":"center center","background-size":"auto","background-attachment":"scroll","background-type":"","background-media":"","overlay-type":"","overlay-color":"","overlay-opacity":"","overlay-gradient":""},"tablet":{"background-color":"","background-image":"","background-repeat":"repeat","background-position":"center center","background-size":"auto","background-attachment":"scroll","background-type":"","background-media":"","overlay-type":"","overlay-color":"","overlay-opacity":"","overlay-gradient":""},"mobile":{"background-color":"","background-image":"","background-repeat":"repeat","background-position":"center center","background-size":"auto","background-attachment":"scroll","background-type":"","background-media":"","overlay-type":"","overlay-color":"","overlay-opacity":"","overlay-gradient":""}},"ast-content-background-meta":{"desktop":{"background-color":"var(--ast-global-color-5)","background-image":"","background-repeat":"repeat","background-position":"center center","background-size":"auto","background-attachment":"scroll","background-type":"","background-media":"","overlay-type":"","overlay-color":"","overlay-opacity":"","overlay-gradient":""},"tablet":{"background-color":"var(--ast-global-color-5)","background-image":"","background-repeat":"repeat","background-position":"center center","background-size":"auto","background-attachment":"scroll","background-type":"","background-media":"","overlay-type":"","overlay-color":"","overlay-opacity":"","overlay-gradient":""},"mobile":{"background-color":"var(--ast-global-color-5)","background-image":"","background-repeat":"repeat","background-position":"center center","background-size":"auto","background-attachment":"scroll","background-type":"","background-media":"","overlay-type":"","overlay-color":"","overlay-opacity":"","overlay-gradient":""}},"footnotes":""},"class_list":["post-1547","page","type-page","status-publish","hentry"],"_links":{"self":[{"href":"https:\/\/brutalesco.com\/es\/wp-json\/wp\/v2\/pages\/1547","targetHints":{"allow":["GET"]}}],"collection":[{"href":"https:\/\/brutalesco.com\/es\/wp-json\/wp\/v2\/pages"}],"about":[{"href":"https:\/\/brutalesco.com\/es\/wp-json\/wp\/v2\/types\/page"}],"author":[{"embeddable":true,"href":"https:\/\/brutalesco.com\/es\/wp-json\/wp\/v2\/users\/1"}],"replies":[{"embeddable":true,"href":"https:\/\/brutalesco.com\/es\/wp-json\/wp\/v2\/comments?post=1547"}],"version-history":[{"count":0,"href":"https:\/\/brutalesco.com\/es\/wp-json\/wp\/v2\/pages\/1547\/revisions"}],"wp:attachment":[{"href":"https:\/\/brutalesco.com\/es\/wp-json\/wp\/v2\/media?parent=1547"}],"curies":[{"name":"wp","href":"https:\/\/api.w.org\/{rel}","templated":true}]}}